{"id":3541,"date":"2024-02-13T17:07:00","date_gmt":"2024-02-13T17:07:00","guid":{"rendered":"https:\/\/hotelcimscamprodon.com\/?post_type=product&#038;p=3541"},"modified":"2026-02-11T15:00:15","modified_gmt":"2026-02-11T15:00:15","slug":"oferta-escapada-4-noches-pagar-3-noches","status":"publish","type":"product","link":"https:\/\/hotelcimscamprodon.com\/fr\/produit\/oferta-escapada-4-noches-pagar-3-noches\/","title":{"rendered":"Offre Escapade 4\u00d73 nuits"},"content":{"rendered":"<h2><strong>Que comprend notre Pack Escapade 4\u00d73 nuits ?<\/strong><\/h2>\n<ul>\n<li>4 nuits en Chambre Double \u00e0 l&#039;H\u00f4tel Cims Camprodon<\/li>\n<li>4 jours de petit-d\u00e9jeuner buffet pour 2 personnes<\/li>\n<li>D\u00e9part tardif (sous r\u00e9serve de disponibilit\u00e9)<\/li>\n<li>Place de parking de l&#039;h\u00f4tel (sous r\u00e9serve de disponibilit\u00e9)<\/li>\n<\/ul>\n<p><strong><strong style=\"font-size: 16px;\"><b>L&#039;H\u00f4tel Cims \u00e0 Camprodon : <\/b><\/strong><\/strong>L&#039;H\u00f4tel Cims est un petit et chaleureux h\u00f4tel B&amp;B moderne situ\u00e9 dans le centre de Camprodon, id\u00e9al pour une escapade en famille.<\/p>\n<p><strong style=\"font-size: 16px;\"><b>La chambre <\/b><\/strong><strong style=\"font-size: 16px;\">Double: <\/strong>Chambre de 18 m\u00b2, avec un lit double, bureau et penderie. Elle dispose d&#039;une salle de bains privative avec douche ou baignoire et d&#039;un balcon offrant une belle vue sur la rivi\u00e8re Ritort ou sur le monast\u00e8re et l&#039;\u00e9glise de Santa Maria.<\/p>\n<p><strong>Disponibilit\u00e9: <\/strong>Le pack est disponible toute l&#039;ann\u00e9e sauf P\u00e2ques, ao\u00fbt, Pur\u00edsima et No\u00ebl<span class=\"OYPEnA text-decoration-none text-strikethrough-none\">. <\/span><span class=\"OYPEnA text-decoration-none text-strikethrough-none\">Ce Ch\u00e8que a une dur\u00e9e d&#039;expiration de 1 an, \u00e0 compter du jour de l&#039;achat.\u00a0<\/span><\/p>\n<p><strong>Comment vais-je recevoir le bonus\u00a0? <\/strong>Une fois le bon cadeau achet\u00e9, vous recevrez par email un Bon cadeau au format PDF que vous nous aurez joint.<\/p>\n<p><strong>Comment puis-je utiliser le bonus\u00a0? <\/strong>Pour utiliser le bon et r\u00e9server, vous devrez appeler l&#039;h\u00f4tel <a href=\"tel: +34 972 753 092\">au +34 972 753 092 <\/a>ou envoyer un e-mail \u00e0 <a href=\"mailto:info@hotelcimscamprodon.com\">info@hotelcimscamprodon.com<\/a> indiquant les jours o\u00f9 vous souhaitez effectuer la r\u00e9servation. Vous recevrez ensuite un e-mail confirmant votre r\u00e9servation.<\/p>","protected":false},"excerpt":{"rendered":"<p>Obtenir votre <strong>Pack Escapade 4 nuits<\/strong> <strong>avec le petit d\u00e9jeuner<\/strong> en couple \u00e0 l&#039;H\u00f4tel Cims Camprodon. <strong>PAYEZ 3 NUITS et PROFITEZ DE 4 NUITS dans notre h\u00f4tel.<\/strong><\/p>","protected":false},"featured_media":2173,"comment_status":"closed","ping_status":"closed","template":"","meta":{"site-sidebar-layout":"default","site-content-layout":"default","ast-site-content-layout":"default","site-content-style":"default","site-sidebar-style":"default","ast-global-header-display":"","ast-banner-title-visibility":"","ast-main-header-display":"","ast-hfb-above-header-display":"","ast-hfb-below-header-display":"","ast-hfb-mobile-header-display":"","site-post-title":"","ast-breadcrumbs-content":"","ast-featured-img":"","footer-sml-layout":"","theme-transparent-header-meta":"default","adv-header-id-meta":"","stick-header-meta":"default","header-above-stick-meta":"","header-main-stick-meta":"","header-below-stick-meta":"","astra-migrate-meta-layouts":"set","ast-page-background-enabled":"default","ast-page-background-meta":{"desktop":{"background-color":"","background-image":"","background-repeat":"repeat","background-position":"center center","background-size":"auto","background-attachment":"scroll","background-type":"","background-media":"","overlay-type":"","overlay-color":"","overlay-opacity":"","overlay-gradient":""},"tablet":{"background-color":"","background-image":"","background-repeat":"repeat","background-position":"center center","background-size":"auto","background-attachment":"scroll","background-type":"","background-media":"","overlay-type":"","overlay-color":"","overlay-opacity":"","overlay-gradient":""},"mobile":{"background-color":"","background-image":"","background-repeat":"repeat","background-position":"center center","background-size":"auto","background-attachment":"scroll","background-type":"","background-media":"","overlay-type":"","overlay-color":"","overlay-opacity":"","overlay-gradient":""}},"ast-content-background-meta":{"desktop":{"background-color":"var(--ast-global-color-5)","background-image":"","background-repeat":"repeat","background-position":"center center","background-size":"auto","background-attachment":"scroll","background-type":"","background-media":"","overlay-type":"","overlay-color":"","overlay-opacity":"","overlay-gradient":""},"tablet":{"background-color":"var(--ast-global-color-5)","background-image":"","background-repeat":"repeat","background-position":"center center","background-size":"auto","background-attachment":"scroll","background-type":"","background-media":"","overlay-type":"","overlay-color":"","overlay-opacity":"","overlay-gradient":""},"mobile":{"background-color":"var(--ast-global-color-5)","background-image":"","background-repeat":"repeat","background-position":"center center","background-size":"auto","background-attachment":"scroll","background-type":"","background-media":"","overlay-type":"","overlay-color":"","overlay-opacity":"","overlay-gradient":""}}},"product_brand":[],"product_cat":[20],"product_tag":[],"class_list":{"0":"post-3541","1":"product","2":"type-product","3":"status-publish","4":"has-post-thumbnail","6":"product_cat-sin-categorizar","7":"desktop-align-left","8":"tablet-align-left","9":"mobile-align-left","10":"ast-product-gallery-layout-horizontal-slider","11":"ast-product-single-variable","12":"ast-product-tabs-layout-horizontal","14":"first","15":"instock","16":"sale","17":"shipping-taxable","18":"purchasable","19":"product-type-variable","20":"has-default-attributes"},"yoast_head":"<!-- This site is optimized with the Yoast SEO plugin v27.1.1 - https:\/\/yoast.com\/product\/yoast-seo-wordpress\/ -->\n<title>Oferta Escapada 4x3 noches | Hotel Cims Camprodon<\/title>\n<meta name=\"description\" content=\"Disfruta del Pack Escapada 4 noches en pareja del Hotel Cims Camprodon. PAGA por 3 NOCHES y DISFRUTA de 4 NOCHES en nuestro hotel.\" \/>\n<meta name=\"robots\" content=\"index, follow, max-snippet:-1, max-image-preview:large, max-video-preview:-1\" \/>\n<link rel=\"canonical\" href=\"https:\/\/hotelcimscamprodon.com\/fr\/produit\/oferta-escapada-4-noches-pagar-3-noches\/\" \/>\n<meta property=\"og:locale\" content=\"fr_FR\" \/>\n<meta property=\"og:type\" content=\"article\" \/>\n<meta property=\"og:title\" content=\"Oferta Escapada 4x3 noches | Hotel Cims Camprodon\" \/>\n<meta property=\"og:description\" content=\"Disfruta del Pack Escapada 4 noches en pareja del Hotel Cims Camprodon. PAGA por 3 NOCHES y DISFRUTA de 4 NOCHES en nuestro hotel.\" \/>\n<meta property=\"og:url\" content=\"https:\/\/hotelcimscamprodon.com\/fr\/produit\/oferta-escapada-4-noches-pagar-3-noches\/\" \/>\n<meta property=\"og:site_name\" content=\"Hotel Cims Camprodon\" \/>\n<meta property=\"article:publisher\" content=\"https:\/\/www.facebook.com\/hotelcimscamprodon\" \/>\n<meta property=\"article:modified_time\" content=\"2026-02-11T15:00:15+00:00\" \/>\n<meta property=\"og:image\" content=\"https:\/\/hotelcimscamprodon.com\/wp-content\/uploads\/2023\/02\/20221123_Cims_140-1.jpg\" \/>\n\t<meta property=\"og:image:width\" content=\"2500\" \/>\n\t<meta property=\"og:image:height\" content=\"1667\" \/>\n\t<meta property=\"og:image:type\" content=\"image\/jpeg\" \/>\n<meta name=\"twitter:card\" content=\"summary_large_image\" \/>\n<meta name=\"twitter:label1\" content=\"Dur\u00e9e de lecture estim\u00e9e\" \/>\n\t<meta name=\"twitter:data1\" content=\"2 minutes\" \/>\n<script type=\"application\/ld+json\" class=\"yoast-schema-graph\">{\"@context\":\"https:\/\/schema.org\",\"@graph\":[{\"@type\":\"WebPage\",\"@id\":\"https:\/\/hotelcimscamprodon.com\/producto\/oferta-escapada-4-noches-pagar-3-noches\/\",\"url\":\"https:\/\/hotelcimscamprodon.com\/producto\/oferta-escapada-4-noches-pagar-3-noches\/\",\"name\":\"Oferta Escapada 4x3 noches | Hotel Cims Camprodon\",\"isPartOf\":{\"@id\":\"\/#website\"},\"primaryImageOfPage\":{\"@id\":\"https:\/\/hotelcimscamprodon.com\/producto\/oferta-escapada-4-noches-pagar-3-noches\/#primaryimage\"},\"image\":{\"@id\":\"https:\/\/hotelcimscamprodon.com\/producto\/oferta-escapada-4-noches-pagar-3-noches\/#primaryimage\"},\"thumbnailUrl\":\"https:\/\/hotelcimscamprodon.com\/wp-content\/uploads\/2023\/02\/20221123_Cims_140-1.jpg\",\"datePublished\":\"2024-02-13T17:07:00+00:00\",\"dateModified\":\"2026-02-11T15:00:15+00:00\",\"description\":\"Disfruta del Pack Escapada 4 noches en pareja del Hotel Cims Camprodon. PAGA por 3 NOCHES y DISFRUTA de 4 NOCHES en nuestro hotel.\",\"breadcrumb\":{\"@id\":\"https:\/\/hotelcimscamprodon.com\/producto\/oferta-escapada-4-noches-pagar-3-noches\/#breadcrumb\"},\"inLanguage\":\"fr-FR\",\"potentialAction\":[{\"@type\":\"ReadAction\",\"target\":[\"https:\/\/hotelcimscamprodon.com\/producto\/oferta-escapada-4-noches-pagar-3-noches\/\"]}]},{\"@type\":\"ImageObject\",\"inLanguage\":\"fr-FR\",\"@id\":\"https:\/\/hotelcimscamprodon.com\/producto\/oferta-escapada-4-noches-pagar-3-noches\/#primaryimage\",\"url\":\"https:\/\/hotelcimscamprodon.com\/wp-content\/uploads\/2023\/02\/20221123_Cims_140-1.jpg\",\"contentUrl\":\"https:\/\/hotelcimscamprodon.com\/wp-content\/uploads\/2023\/02\/20221123_Cims_140-1.jpg\",\"width\":2500,\"height\":1667},{\"@type\":\"BreadcrumbList\",\"@id\":\"https:\/\/hotelcimscamprodon.com\/producto\/oferta-escapada-4-noches-pagar-3-noches\/#breadcrumb\",\"itemListElement\":[{\"@type\":\"ListItem\",\"position\":1,\"name\":\"Portada\",\"item\":\"https:\/\/hotelcimscamprodon.com\/\"},{\"@type\":\"ListItem\",\"position\":2,\"name\":\"Oferta Escapada 4&#215;3 noches\"}]},{\"@type\":\"WebSite\",\"@id\":\"\/#website\",\"url\":\"\/\",\"name\":\"Hotel Cims Camprodon\",\"description\":\"El Hotel Cims Camprodon es un hotel B&amp;B en el centro de Camprodon confortable, familiar y econ\u00f3mico. Haz tu reserva en la web oficial.\",\"publisher\":{\"@id\":\"\/#organization\"},\"potentialAction\":[{\"@type\":\"SearchAction\",\"target\":{\"@type\":\"EntryPoint\",\"urlTemplate\":\"\/?s={search_term_string}\"},\"query-input\":{\"@type\":\"PropertyValueSpecification\",\"valueRequired\":true,\"valueName\":\"search_term_string\"}}],\"inLanguage\":\"fr-FR\"},{\"@type\":\"Organization\",\"@id\":\"\/#organization\",\"name\":\"Hotel Cims Camprodon\",\"url\":\"\/\",\"logo\":{\"@type\":\"ImageObject\",\"inLanguage\":\"fr-FR\",\"@id\":\"\/#\/schema\/logo\/image\/\",\"url\":\"https:\/\/hotelcimscamprodon.com\/wp-content\/uploads\/2022\/08\/logo-cims-camprodon.png\",\"contentUrl\":\"https:\/\/hotelcimscamprodon.com\/wp-content\/uploads\/2022\/08\/logo-cims-camprodon.png\",\"width\":848,\"height\":553,\"caption\":\"Hotel Cims Camprodon\"},\"image\":{\"@id\":\"\/#\/schema\/logo\/image\/\"},\"sameAs\":[\"https:\/\/www.facebook.com\/hotelcimscamprodon\",\"https:\/\/www.instagram.com\/hotelcimscamprodon\"]}]}<\/script>\n<!-- \/ Yoast SEO plugin. -->","yoast_head_json":{"title":"Oferta Escapada 4x3 noches | Hotel Cims Camprodon","description":"Profitez du forfait Escapade en couple de 4 nuits \u00e0 l&#039;h\u00f4tel Cims Camprodon. Payez 3 nuits et profitez de 4 nuits dans notre h\u00f4tel.","robots":{"index":"index","follow":"follow","max-snippet":"max-snippet:-1","max-image-preview":"max-image-preview:large","max-video-preview":"max-video-preview:-1"},"canonical":"https:\/\/hotelcimscamprodon.com\/fr\/produit\/oferta-escapada-4-noches-pagar-3-noches\/","og_locale":"fr_FR","og_type":"article","og_title":"Oferta Escapada 4x3 noches | Hotel Cims Camprodon","og_description":"Disfruta del Pack Escapada 4 noches en pareja del Hotel Cims Camprodon. PAGA por 3 NOCHES y DISFRUTA de 4 NOCHES en nuestro hotel.","og_url":"https:\/\/hotelcimscamprodon.com\/fr\/produit\/oferta-escapada-4-noches-pagar-3-noches\/","og_site_name":"Hotel Cims Camprodon","article_publisher":"https:\/\/www.facebook.com\/hotelcimscamprodon","article_modified_time":"2026-02-11T15:00:15+00:00","og_image":[{"width":2500,"height":1667,"url":"https:\/\/hotelcimscamprodon.com\/wp-content\/uploads\/2023\/02\/20221123_Cims_140-1.jpg","type":"image\/jpeg"}],"twitter_card":"summary_large_image","twitter_misc":{"Dur\u00e9e de lecture estim\u00e9e":"2 minutes"},"schema":{"@context":"https:\/\/schema.org","@graph":[{"@type":"WebPage","@id":"https:\/\/hotelcimscamprodon.com\/producto\/oferta-escapada-4-noches-pagar-3-noches\/","url":"https:\/\/hotelcimscamprodon.com\/producto\/oferta-escapada-4-noches-pagar-3-noches\/","name":"Oferta Escapada 4x3 noches | Hotel Cims Camprodon","isPartOf":{"@id":"\/#website"},"primaryImageOfPage":{"@id":"https:\/\/hotelcimscamprodon.com\/producto\/oferta-escapada-4-noches-pagar-3-noches\/#primaryimage"},"image":{"@id":"https:\/\/hotelcimscamprodon.com\/producto\/oferta-escapada-4-noches-pagar-3-noches\/#primaryimage"},"thumbnailUrl":"https:\/\/hotelcimscamprodon.com\/wp-content\/uploads\/2023\/02\/20221123_Cims_140-1.jpg","datePublished":"2024-02-13T17:07:00+00:00","dateModified":"2026-02-11T15:00:15+00:00","description":"Profitez du forfait Escapade en couple de 4 nuits \u00e0 l&#039;h\u00f4tel Cims Camprodon. Payez 3 nuits et profitez de 4 nuits dans notre h\u00f4tel.","breadcrumb":{"@id":"https:\/\/hotelcimscamprodon.com\/producto\/oferta-escapada-4-noches-pagar-3-noches\/#breadcrumb"},"inLanguage":"fr-FR","potentialAction":[{"@type":"ReadAction","target":["https:\/\/hotelcimscamprodon.com\/producto\/oferta-escapada-4-noches-pagar-3-noches\/"]}]},{"@type":"ImageObject","inLanguage":"fr-FR","@id":"https:\/\/hotelcimscamprodon.com\/producto\/oferta-escapada-4-noches-pagar-3-noches\/#primaryimage","url":"https:\/\/hotelcimscamprodon.com\/wp-content\/uploads\/2023\/02\/20221123_Cims_140-1.jpg","contentUrl":"https:\/\/hotelcimscamprodon.com\/wp-content\/uploads\/2023\/02\/20221123_Cims_140-1.jpg","width":2500,"height":1667},{"@type":"BreadcrumbList","@id":"https:\/\/hotelcimscamprodon.com\/producto\/oferta-escapada-4-noches-pagar-3-noches\/#breadcrumb","itemListElement":[{"@type":"ListItem","position":1,"name":"Portada","item":"https:\/\/hotelcimscamprodon.com\/"},{"@type":"ListItem","position":2,"name":"Oferta Escapada 4&#215;3 noches"}]},{"@type":"WebSite","@id":"\/#website","url":"\/","name":"H\u00f4tel Cims Camprodon","description":"L&#039;H\u00f4tel Cims Camprodon est un h\u00f4tel B&amp;B confortable, familial et \u00e9conomique situ\u00e9 dans le centre de Camprodon. Faites votre r\u00e9servation sur le site officiel.","publisher":{"@id":"\/#organization"},"potentialAction":[{"@type":"SearchAction","target":{"@type":"EntryPoint","urlTemplate":"\/?s={search_term_string}"},"query-input":{"@type":"PropertyValueSpecification","valueRequired":true,"valueName":"search_term_string"}}],"inLanguage":"fr-FR"},{"@type":"Organization","@id":"\/#organization","name":"H\u00f4tel Cims Camprodon","url":"\/","logo":{"@type":"ImageObject","inLanguage":"fr-FR","@id":"\/#\/schema\/logo\/image\/","url":"https:\/\/hotelcimscamprodon.com\/wp-content\/uploads\/2022\/08\/logo-cims-camprodon.png","contentUrl":"https:\/\/hotelcimscamprodon.com\/wp-content\/uploads\/2022\/08\/logo-cims-camprodon.png","width":848,"height":553,"caption":"Hotel Cims Camprodon"},"image":{"@id":"\/#\/schema\/logo\/image\/"},"sameAs":["https:\/\/www.facebook.com\/hotelcimscamprodon","https:\/\/www.instagram.com\/hotelcimscamprodon"]}]}},"_links":{"self":[{"href":"https:\/\/hotelcimscamprodon.com\/fr\/wp-json\/wp\/v2\/product\/3541","targetHints":{"allow":["GET"]}}],"collection":[{"href":"https:\/\/hotelcimscamprodon.com\/fr\/wp-json\/wp\/v2\/product"}],"about":[{"href":"https:\/\/hotelcimscamprodon.com\/fr\/wp-json\/wp\/v2\/types\/product"}],"replies":[{"embeddable":true,"href":"https:\/\/hotelcimscamprodon.com\/fr\/wp-json\/wp\/v2\/comments?post=3541"}],"wp:featuredmedia":[{"embeddable":true,"href":"https:\/\/hotelcimscamprodon.com\/fr\/wp-json\/wp\/v2\/media\/2173"}],"wp:attachment":[{"href":"https:\/\/hotelcimscamprodon.com\/fr\/wp-json\/wp\/v2\/media?parent=3541"}],"wp:term":[{"taxonomy":"product_brand","embeddable":true,"href":"https:\/\/hotelcimscamprodon.com\/fr\/wp-json\/wp\/v2\/product_brand?post=3541"},{"taxonomy":"product_cat","embeddable":true,"href":"https:\/\/hotelcimscamprodon.com\/fr\/wp-json\/wp\/v2\/product_cat?post=3541"},{"taxonomy":"product_tag","embeddable":true,"href":"https:\/\/hotelcimscamprodon.com\/fr\/wp-json\/wp\/v2\/product_tag?post=3541"}],"curies":[{"name":"wp","href":"https:\/\/api.w.org\/{rel}","templated":true}]}}