{"id":2197,"date":"2023-03-14T14:37:09","date_gmt":"2023-03-14T14:37:09","guid":{"rendered":"https:\/\/hotelcimscamprodon.com\/?post_type=product&#038;p=2197"},"modified":"2026-02-11T15:10:40","modified_gmt":"2026-02-11T15:10:40","slug":"pack-escapada-dos-noches-pareja","status":"publish","type":"product","link":"https:\/\/hotelcimscamprodon.com\/fr\/produit\/pack-escapada-dos-noches-pareja\/","title":{"rendered":"Pack Escapade 2 nuits en couple"},"content":{"rendered":"<h2><strong>Que comprend notre Pack Escapade en couple de 2 nuits ?<\/strong><\/h2>\n<ul>\n<li>2 nuits en Chambre Double \u00e0 l&#039;H\u00f4tel Cims Camprodon<\/li>\n<li>Petit-d\u00e9jeuner buffet pour 2 personnes<\/li>\n<li>D\u00e9part tardif (sous r\u00e9serve de disponibilit\u00e9)<\/li>\n<li>Place de parking de l&#039;h\u00f4tel (sous r\u00e9serve de disponibilit\u00e9)<\/li>\n<\/ul>\n<p><strong><strong style=\"font-size: 16px;\"><b>L&#039;H\u00f4tel Cims \u00e0 Camprodon : <\/b><\/strong><\/strong>L&#039;H\u00f4tel Cims est un petit et chaleureux h\u00f4tel B&amp;B moderne situ\u00e9 dans le centre de Camprodon, id\u00e9al pour une escapade en famille.<\/p>\n<p><strong style=\"font-size: 16px;\"><b>La chambre <\/b><\/strong><strong style=\"font-size: 16px;\">Double: <\/strong>Chambre de 18 m\u00b2, avec un lit double, bureau et penderie. Elle dispose d&#039;une salle de bains privative avec douche ou baignoire et d&#039;un balcon offrant une belle vue sur la rivi\u00e8re Ritort ou sur le monast\u00e8re et l&#039;\u00e9glise de Santa Maria.<\/p>\n<p><strong>Disponibilit\u00e9: <\/strong>Le Pack est disponible toute l&#039;ann\u00e9e, sauf le r\u00e9veillon du Nouvel An,<span class=\"OYPEnA text-decoration-none text-strikethrough-none\">\u00a0selon la saison que vous avez choisie. <\/span><span class=\"OYPEnA text-decoration-none text-strikethrough-none\">Ce Ch\u00e8que a une dur\u00e9e d&#039;expiration de 1 an, \u00e0 compter du jour de l&#039;achat.\u00a0<\/span><\/p>\n<p><strong>Comment vais-je recevoir le bonus\u00a0? <\/strong>Une fois le bon cadeau achet\u00e9, vous recevrez par email un Bon cadeau au format PDF que vous nous aurez joint.<\/p>\n<p><strong>Comment puis-je utiliser le bonus\u00a0? <\/strong>Pour utiliser le bon et r\u00e9server, vous devrez appeler l&#039;h\u00f4tel <a href=\"tel: +34 972 753 092\">au +34 972 753 092 <\/a>ou envoyer un e-mail \u00e0 <a href=\"mailto:info@hotelcimscamprodon.com\">info@hotelcimscamprodon.com<\/a> indiquant les jours o\u00f9 vous souhaitez effectuer la r\u00e9servation. Vous recevrez ensuite un e-mail confirmant votre r\u00e9servation.<\/p>","protected":false},"excerpt":{"rendered":"<p>Procurez-vous votre Pack Escapade pour 2 nuits en couple \u00e0 l&#039;H\u00f4tel Cims Camprodon. Id\u00e9al pour d\u00e9connecter et profiter d&#039;une escapade en couple dans la vall\u00e9e de Camprodon.<\/p>\n<p>Choisissez la saison que vous pr\u00e9f\u00e9rez et vous verrez automatiquement le prix.<\/p>","protected":false},"featured_media":2349,"comment_status":"closed","ping_status":"closed","template":"","meta":{"site-sidebar-layout":"default","site-content-layout":"default","ast-site-content-layout":"default","site-content-style":"default","site-sidebar-style":"default","ast-global-header-display":"","ast-banner-title-visibility":"","ast-main-header-display":"","ast-hfb-above-header-display":"","ast-hfb-below-header-display":"","ast-hfb-mobile-header-display":"","site-post-title":"","ast-breadcrumbs-content":"","ast-featured-img":"","footer-sml-layout":"","theme-transparent-header-meta":"default","adv-header-id-meta":"","stick-header-meta":"default","header-above-stick-meta":"","header-main-stick-meta":"","header-below-stick-meta":"","astra-migrate-meta-layouts":"set","ast-page-background-enabled":"default","ast-page-background-meta":{"desktop":{"background-color":"","background-image":"","background-repeat":"repeat","background-position":"center center","background-size":"auto","background-attachment":"scroll","background-type":"","background-media":"","overlay-type":"","overlay-color":"","overlay-opacity":"","overlay-gradient":""},"tablet":{"background-color":"","background-image":"","background-repeat":"repeat","background-position":"center center","background-size":"auto","background-attachment":"scroll","background-type":"","background-media":"","overlay-type":"","overlay-color":"","overlay-opacity":"","overlay-gradient":""},"mobile":{"background-color":"","background-image":"","background-repeat":"repeat","background-position":"center center","background-size":"auto","background-attachment":"scroll","background-type":"","background-media":"","overlay-type":"","overlay-color":"","overlay-opacity":"","overlay-gradient":""}},"ast-content-background-meta":{"desktop":{"background-color":"var(--ast-global-color-5)","background-image":"","background-repeat":"repeat","background-position":"center center","background-size":"auto","background-attachment":"scroll","background-type":"","background-media":"","overlay-type":"","overlay-color":"","overlay-opacity":"","overlay-gradient":""},"tablet":{"background-color":"var(--ast-global-color-5)","background-image":"","background-repeat":"repeat","background-position":"center center","background-size":"auto","background-attachment":"scroll","background-type":"","background-media":"","overlay-type":"","overlay-color":"","overlay-opacity":"","overlay-gradient":""},"mobile":{"background-color":"var(--ast-global-color-5)","background-image":"","background-repeat":"repeat","background-position":"center center","background-size":"auto","background-attachment":"scroll","background-type":"","background-media":"","overlay-type":"","overlay-color":"","overlay-opacity":"","overlay-gradient":""}}},"product_brand":[],"product_cat":[20],"product_tag":[],"class_list":{"0":"post-2197","1":"product","2":"type-product","3":"status-publish","4":"has-post-thumbnail","6":"product_cat-sin-categorizar","7":"desktop-align-left","8":"tablet-align-left","9":"mobile-align-left","10":"ast-product-gallery-layout-horizontal-slider","11":"ast-product-single-variable","12":"ast-product-tabs-layout-horizontal","14":"first","15":"instock","16":"shipping-taxable","17":"purchasable","18":"product-type-variable"},"yoast_head":"<!-- This site is optimized with the Yoast SEO plugin v27.1.1 - https:\/\/yoast.com\/product\/yoast-seo-wordpress\/ -->\n<title>Pack Escapada 2 noches en pareja | Hotel Cims Camprodon<\/title>\n<meta name=\"description\" content=\"Disfruta del Pack Escapada 2 noches en pareja del Hotel Cims Camprodon. Ideal para una escapada en pareja en el valle de Camprodon.\" \/>\n<meta name=\"robots\" content=\"index, follow, max-snippet:-1, max-image-preview:large, max-video-preview:-1\" \/>\n<link rel=\"canonical\" href=\"https:\/\/hotelcimscamprodon.com\/fr\/produit\/pack-escapada-dos-noches-pareja\/\" \/>\n<meta property=\"og:locale\" content=\"fr_FR\" \/>\n<meta property=\"og:type\" content=\"article\" \/>\n<meta property=\"og:title\" content=\"Pack Escapada 2 noches en pareja | Hotel Cims Camprodon\" \/>\n<meta property=\"og:description\" content=\"Disfruta del Pack Escapada 2 noches en pareja del Hotel Cims Camprodon. Ideal para una escapada en pareja en el valle de Camprodon.\" \/>\n<meta property=\"og:url\" content=\"https:\/\/hotelcimscamprodon.com\/fr\/produit\/pack-escapada-dos-noches-pareja\/\" \/>\n<meta property=\"og:site_name\" content=\"Hotel Cims Camprodon\" \/>\n<meta property=\"article:publisher\" content=\"https:\/\/www.facebook.com\/hotelcimscamprodon\" \/>\n<meta property=\"article:modified_time\" content=\"2026-02-11T15:10:40+00:00\" \/>\n<meta property=\"og:image\" content=\"https:\/\/hotelcimscamprodon.com\/wp-content\/uploads\/2023\/03\/20221123_Cims_166-1.jpg\" \/>\n\t<meta property=\"og:image:width\" content=\"2500\" \/>\n\t<meta property=\"og:image:height\" content=\"1667\" \/>\n\t<meta property=\"og:image:type\" content=\"image\/jpeg\" \/>\n<meta name=\"twitter:card\" content=\"summary_large_image\" \/>\n<meta name=\"twitter:label1\" content=\"Dur\u00e9e de lecture estim\u00e9e\" \/>\n\t<meta name=\"twitter:data1\" content=\"2 minutes\" \/>\n<script type=\"application\/ld+json\" class=\"yoast-schema-graph\">{\"@context\":\"https:\/\/schema.org\",\"@graph\":[{\"@type\":\"WebPage\",\"@id\":\"https:\/\/hotelcimscamprodon.com\/producto\/pack-escapada-dos-noches-pareja\/\",\"url\":\"https:\/\/hotelcimscamprodon.com\/producto\/pack-escapada-dos-noches-pareja\/\",\"name\":\"Pack Escapada 2 noches en pareja | Hotel Cims Camprodon\",\"isPartOf\":{\"@id\":\"\/#website\"},\"primaryImageOfPage\":{\"@id\":\"https:\/\/hotelcimscamprodon.com\/producto\/pack-escapada-dos-noches-pareja\/#primaryimage\"},\"image\":{\"@id\":\"https:\/\/hotelcimscamprodon.com\/producto\/pack-escapada-dos-noches-pareja\/#primaryimage\"},\"thumbnailUrl\":\"https:\/\/hotelcimscamprodon.com\/wp-content\/uploads\/2023\/03\/20221123_Cims_166-1.jpg\",\"datePublished\":\"2023-03-14T14:37:09+00:00\",\"dateModified\":\"2026-02-11T15:10:40+00:00\",\"description\":\"Disfruta del Pack Escapada 2 noches en pareja del Hotel Cims Camprodon. Ideal para una escapada en pareja en el valle de Camprodon.\",\"breadcrumb\":{\"@id\":\"https:\/\/hotelcimscamprodon.com\/producto\/pack-escapada-dos-noches-pareja\/#breadcrumb\"},\"inLanguage\":\"fr-FR\",\"potentialAction\":[{\"@type\":\"ReadAction\",\"target\":[\"https:\/\/hotelcimscamprodon.com\/producto\/pack-escapada-dos-noches-pareja\/\"]}]},{\"@type\":\"ImageObject\",\"inLanguage\":\"fr-FR\",\"@id\":\"https:\/\/hotelcimscamprodon.com\/producto\/pack-escapada-dos-noches-pareja\/#primaryimage\",\"url\":\"https:\/\/hotelcimscamprodon.com\/wp-content\/uploads\/2023\/03\/20221123_Cims_166-1.jpg\",\"contentUrl\":\"https:\/\/hotelcimscamprodon.com\/wp-content\/uploads\/2023\/03\/20221123_Cims_166-1.jpg\",\"width\":2500,\"height\":1667},{\"@type\":\"BreadcrumbList\",\"@id\":\"https:\/\/hotelcimscamprodon.com\/producto\/pack-escapada-dos-noches-pareja\/#breadcrumb\",\"itemListElement\":[{\"@type\":\"ListItem\",\"position\":1,\"name\":\"Portada\",\"item\":\"https:\/\/hotelcimscamprodon.com\/\"},{\"@type\":\"ListItem\",\"position\":2,\"name\":\"Pack Escapada 2 noches en pareja\"}]},{\"@type\":\"WebSite\",\"@id\":\"\/#website\",\"url\":\"\/\",\"name\":\"Hotel Cims Camprodon\",\"description\":\"El Hotel Cims Camprodon es un hotel B&amp;B en el centro de Camprodon confortable, familiar y econ\u00f3mico. Haz tu reserva en la web oficial.\",\"publisher\":{\"@id\":\"\/#organization\"},\"potentialAction\":[{\"@type\":\"SearchAction\",\"target\":{\"@type\":\"EntryPoint\",\"urlTemplate\":\"\/?s={search_term_string}\"},\"query-input\":{\"@type\":\"PropertyValueSpecification\",\"valueRequired\":true,\"valueName\":\"search_term_string\"}}],\"inLanguage\":\"fr-FR\"},{\"@type\":\"Organization\",\"@id\":\"\/#organization\",\"name\":\"Hotel Cims Camprodon\",\"url\":\"\/\",\"logo\":{\"@type\":\"ImageObject\",\"inLanguage\":\"fr-FR\",\"@id\":\"\/#\/schema\/logo\/image\/\",\"url\":\"https:\/\/hotelcimscamprodon.com\/wp-content\/uploads\/2022\/08\/logo-cims-camprodon.png\",\"contentUrl\":\"https:\/\/hotelcimscamprodon.com\/wp-content\/uploads\/2022\/08\/logo-cims-camprodon.png\",\"width\":848,\"height\":553,\"caption\":\"Hotel Cims Camprodon\"},\"image\":{\"@id\":\"\/#\/schema\/logo\/image\/\"},\"sameAs\":[\"https:\/\/www.facebook.com\/hotelcimscamprodon\",\"https:\/\/www.instagram.com\/hotelcimscamprodon\"]}]}<\/script>\n<!-- \/ Yoast SEO plugin. -->","yoast_head_json":{"title":"Pack Escapade 2 nuits en couple | H\u00f4tel Cims Camprodon","description":"Profitez d&#039;une escapade romantique de 2 nuits \u00e0 l&#039;h\u00f4tel Cims Camprodon. Id\u00e9al pour un s\u00e9jour romantique dans la vall\u00e9e de Camprodon.","robots":{"index":"index","follow":"follow","max-snippet":"max-snippet:-1","max-image-preview":"max-image-preview:large","max-video-preview":"max-video-preview:-1"},"canonical":"https:\/\/hotelcimscamprodon.com\/fr\/produit\/pack-escapada-dos-noches-pareja\/","og_locale":"fr_FR","og_type":"article","og_title":"Pack Escapada 2 noches en pareja | Hotel Cims Camprodon","og_description":"Disfruta del Pack Escapada 2 noches en pareja del Hotel Cims Camprodon. Ideal para una escapada en pareja en el valle de Camprodon.","og_url":"https:\/\/hotelcimscamprodon.com\/fr\/produit\/pack-escapada-dos-noches-pareja\/","og_site_name":"Hotel Cims Camprodon","article_publisher":"https:\/\/www.facebook.com\/hotelcimscamprodon","article_modified_time":"2026-02-11T15:10:40+00:00","og_image":[{"width":2500,"height":1667,"url":"https:\/\/hotelcimscamprodon.com\/wp-content\/uploads\/2023\/03\/20221123_Cims_166-1.jpg","type":"image\/jpeg"}],"twitter_card":"summary_large_image","twitter_misc":{"Dur\u00e9e de lecture estim\u00e9e":"2 minutes"},"schema":{"@context":"https:\/\/schema.org","@graph":[{"@type":"WebPage","@id":"https:\/\/hotelcimscamprodon.com\/producto\/pack-escapada-dos-noches-pareja\/","url":"https:\/\/hotelcimscamprodon.com\/producto\/pack-escapada-dos-noches-pareja\/","name":"Pack Escapade 2 nuits en couple | H\u00f4tel Cims Camprodon","isPartOf":{"@id":"\/#website"},"primaryImageOfPage":{"@id":"https:\/\/hotelcimscamprodon.com\/producto\/pack-escapada-dos-noches-pareja\/#primaryimage"},"image":{"@id":"https:\/\/hotelcimscamprodon.com\/producto\/pack-escapada-dos-noches-pareja\/#primaryimage"},"thumbnailUrl":"https:\/\/hotelcimscamprodon.com\/wp-content\/uploads\/2023\/03\/20221123_Cims_166-1.jpg","datePublished":"2023-03-14T14:37:09+00:00","dateModified":"2026-02-11T15:10:40+00:00","description":"Profitez d&#039;une escapade romantique de 2 nuits \u00e0 l&#039;h\u00f4tel Cims Camprodon. Id\u00e9al pour un s\u00e9jour romantique dans la vall\u00e9e de Camprodon.","breadcrumb":{"@id":"https:\/\/hotelcimscamprodon.com\/producto\/pack-escapada-dos-noches-pareja\/#breadcrumb"},"inLanguage":"fr-FR","potentialAction":[{"@type":"ReadAction","target":["https:\/\/hotelcimscamprodon.com\/producto\/pack-escapada-dos-noches-pareja\/"]}]},{"@type":"ImageObject","inLanguage":"fr-FR","@id":"https:\/\/hotelcimscamprodon.com\/producto\/pack-escapada-dos-noches-pareja\/#primaryimage","url":"https:\/\/hotelcimscamprodon.com\/wp-content\/uploads\/2023\/03\/20221123_Cims_166-1.jpg","contentUrl":"https:\/\/hotelcimscamprodon.com\/wp-content\/uploads\/2023\/03\/20221123_Cims_166-1.jpg","width":2500,"height":1667},{"@type":"BreadcrumbList","@id":"https:\/\/hotelcimscamprodon.com\/producto\/pack-escapada-dos-noches-pareja\/#breadcrumb","itemListElement":[{"@type":"ListItem","position":1,"name":"Portada","item":"https:\/\/hotelcimscamprodon.com\/"},{"@type":"ListItem","position":2,"name":"Pack Escapada 2 noches en pareja"}]},{"@type":"WebSite","@id":"\/#website","url":"\/","name":"H\u00f4tel Cims Camprodon","description":"L&#039;H\u00f4tel Cims Camprodon est un h\u00f4tel B&amp;B confortable, familial et \u00e9conomique situ\u00e9 dans le centre de Camprodon. Faites votre r\u00e9servation sur le site officiel.","publisher":{"@id":"\/#organization"},"potentialAction":[{"@type":"SearchAction","target":{"@type":"EntryPoint","urlTemplate":"\/?s={search_term_string}"},"query-input":{"@type":"PropertyValueSpecification","valueRequired":true,"valueName":"search_term_string"}}],"inLanguage":"fr-FR"},{"@type":"Organization","@id":"\/#organization","name":"H\u00f4tel Cims Camprodon","url":"\/","logo":{"@type":"ImageObject","inLanguage":"fr-FR","@id":"\/#\/schema\/logo\/image\/","url":"https:\/\/hotelcimscamprodon.com\/wp-content\/uploads\/2022\/08\/logo-cims-camprodon.png","contentUrl":"https:\/\/hotelcimscamprodon.com\/wp-content\/uploads\/2022\/08\/logo-cims-camprodon.png","width":848,"height":553,"caption":"Hotel Cims Camprodon"},"image":{"@id":"\/#\/schema\/logo\/image\/"},"sameAs":["https:\/\/www.facebook.com\/hotelcimscamprodon","https:\/\/www.instagram.com\/hotelcimscamprodon"]}]}},"_links":{"self":[{"href":"https:\/\/hotelcimscamprodon.com\/fr\/wp-json\/wp\/v2\/product\/2197","targetHints":{"allow":["GET"]}}],"collection":[{"href":"https:\/\/hotelcimscamprodon.com\/fr\/wp-json\/wp\/v2\/product"}],"about":[{"href":"https:\/\/hotelcimscamprodon.com\/fr\/wp-json\/wp\/v2\/types\/product"}],"replies":[{"embeddable":true,"href":"https:\/\/hotelcimscamprodon.com\/fr\/wp-json\/wp\/v2\/comments?post=2197"}],"wp:featuredmedia":[{"embeddable":true,"href":"https:\/\/hotelcimscamprodon.com\/fr\/wp-json\/wp\/v2\/media\/2349"}],"wp:attachment":[{"href":"https:\/\/hotelcimscamprodon.com\/fr\/wp-json\/wp\/v2\/media?parent=2197"}],"wp:term":[{"taxonomy":"product_brand","embeddable":true,"href":"https:\/\/hotelcimscamprodon.com\/fr\/wp-json\/wp\/v2\/product_brand?post=2197"},{"taxonomy":"product_cat","embeddable":true,"href":"https:\/\/hotelcimscamprodon.com\/fr\/wp-json\/wp\/v2\/product_cat?post=2197"},{"taxonomy":"product_tag","embeddable":true,"href":"https:\/\/hotelcimscamprodon.com\/fr\/wp-json\/wp\/v2\/product_tag?post=2197"}],"curies":[{"name":"wp","href":"https:\/\/api.w.org\/{rel}","templated":true}]}}