{"id":1899,"date":"2022-11-27T22:41:15","date_gmt":"2022-11-27T22:41:15","guid":{"rendered":"https:\/\/hotelcimscamprodon.com\/?post_type=product&#038;p=1899"},"modified":"2026-02-16T12:36:53","modified_gmt":"2026-02-16T12:36:53","slug":"noche-romantica-en-pareja","status":"publish","type":"product","link":"https:\/\/hotelcimscamprodon.com\/en\/product\/noche-romantica-en-pareja\/","title":{"rendered":"Romantic Night Pack"},"content":{"rendered":"<h2><strong>What does our Romantic Night Pack include?<\/strong><\/h2>\n<ul>\n<li>1 night in the Double Room at the Cims Camprodon Hotel<\/li>\n<li>Buffet breakfast for 2 people<\/li>\n<li>Bottle of Cava and Chocolates<\/li>\n<li>Romantic Ornament with Petals<\/li>\n<li>Late Check Out (subject to availability)<\/li>\n<li>Hotel Parking Space (subject to availability)<\/li>\n<\/ul>\n<p><strong><strong style=\"font-size: 16px;\"><b>The Cims Hotel in Camprodon: <\/b><\/strong><\/strong>Hotel Cims is a small and warm modern B&amp;B hotel located in the center of Camprodon, ideal for a family getaway.<\/p>\n<p><strong style=\"font-size: 16px;\"><b>The room <\/b><\/strong><strong style=\"font-size: 16px;\">Double: <\/strong>18 m\u00b2 room, with a double bed, desk and clothes closet. It has a private bathroom with a shower or bathtub and a balcony with good views of the Ritort River or the Monastery and Church of Sta. Maria.<\/p>\n<p><strong>Availability:\u00a0<\/strong>The Pack is available all year round, except New Year&#039;s Eve and August, and <span class=\"OYPEnA text-decoration-none text-strikethrough-none\">depending on the season you have chosen.<\/span> <span class=\"OYPEnA text-decoration-none text-strikethrough-none\">This Check has an expiration of 1 year, from the day of purchase.\u00a0<\/span><\/p>\n<p><strong>How will I receive the Bonus? <\/strong>Once the gift voucher has been purchased, you will receive a Voucher in PDF format by email that you have attached to us.<\/p>\n<p><strong>How can I redeem the Bonus? <\/strong>To redeem the voucher and book, you will have to call the hotel <a href=\"tel: +34 972 753 092\">at +34 972 753 092 <\/a>or send an email to <a href=\"mailto:info@hotelcimscamprodon.com\">info@hotelcimscamprodon.com<\/a> saying the days you want to make the reservation. You will then receive an email confirming your reservation.<\/p>","protected":false},"excerpt":{"rendered":"<p>Get your Romantic Night Pack at the Cims Camprodon Hotel. Ideal to enjoy a romantic getaway with your partner. With this pack, we will make every detail count to achieve an environment full of romance and love.<\/p>\n<p>Choose the season you prefer and you will see the price automatically.<\/p>","protected":false},"featured_media":1933,"comment_status":"closed","ping_status":"closed","template":"","meta":{"site-sidebar-layout":"default","site-content-layout":"default","ast-site-content-layout":"default","site-content-style":"default","site-sidebar-style":"default","ast-global-header-display":"","ast-banner-title-visibility":"","ast-main-header-display":"","ast-hfb-above-header-display":"","ast-hfb-below-header-display":"","ast-hfb-mobile-header-display":"","site-post-title":"","ast-breadcrumbs-content":"","ast-featured-img":"","footer-sml-layout":"","theme-transparent-header-meta":"default","adv-header-id-meta":"","stick-header-meta":"default","header-above-stick-meta":"","header-main-stick-meta":"","header-below-stick-meta":"","astra-migrate-meta-layouts":"set","ast-page-background-enabled":"default","ast-page-background-meta":{"desktop":{"background-color":"","background-image":"","background-repeat":"repeat","background-position":"center center","background-size":"auto","background-attachment":"scroll","background-type":"","background-media":"","overlay-type":"","overlay-color":"","overlay-opacity":"","overlay-gradient":""},"tablet":{"background-color":"","background-image":"","background-repeat":"repeat","background-position":"center center","background-size":"auto","background-attachment":"scroll","background-type":"","background-media":"","overlay-type":"","overlay-color":"","overlay-opacity":"","overlay-gradient":""},"mobile":{"background-color":"","background-image":"","background-repeat":"repeat","background-position":"center center","background-size":"auto","background-attachment":"scroll","background-type":"","background-media":"","overlay-type":"","overlay-color":"","overlay-opacity":"","overlay-gradient":""}},"ast-content-background-meta":{"desktop":{"background-color":"var(--ast-global-color-5)","background-image":"","background-repeat":"repeat","background-position":"center center","background-size":"auto","background-attachment":"scroll","background-type":"","background-media":"","overlay-type":"","overlay-color":"","overlay-opacity":"","overlay-gradient":""},"tablet":{"background-color":"var(--ast-global-color-5)","background-image":"","background-repeat":"repeat","background-position":"center center","background-size":"auto","background-attachment":"scroll","background-type":"","background-media":"","overlay-type":"","overlay-color":"","overlay-opacity":"","overlay-gradient":""},"mobile":{"background-color":"var(--ast-global-color-5)","background-image":"","background-repeat":"repeat","background-position":"center center","background-size":"auto","background-attachment":"scroll","background-type":"","background-media":"","overlay-type":"","overlay-color":"","overlay-opacity":"","overlay-gradient":""}}},"product_brand":[],"product_cat":[20],"product_tag":[],"class_list":{"0":"post-1899","1":"product","2":"type-product","3":"status-publish","4":"has-post-thumbnail","6":"product_cat-sin-categorizar","7":"desktop-align-left","8":"tablet-align-left","9":"mobile-align-left","10":"ast-product-gallery-layout-horizontal-slider","11":"ast-product-single-variable","12":"ast-product-tabs-layout-horizontal","14":"first","15":"instock","16":"shipping-taxable","17":"purchasable","18":"product-type-variable"},"yoast_head":"<!-- This site is optimized with the Yoast SEO plugin v27.1.1 - https:\/\/yoast.com\/product\/yoast-seo-wordpress\/ -->\n<title>Pack Noche Rom\u00e1ntica | Hotel Cims Camprodon<\/title>\n<meta name=\"description\" content=\"Disfruta del pack de una Noche Rom\u00e1ntica en el Hotel Cims Camprodon. Ideal para una escapada en pareja, rom\u00e1ntica y m\u00e1gica.\" \/>\n<meta name=\"robots\" content=\"index, follow, max-snippet:-1, max-image-preview:large, max-video-preview:-1\" \/>\n<link rel=\"canonical\" href=\"https:\/\/hotelcimscamprodon.com\/en\/product\/noche-romantica-en-pareja\/\" \/>\n<meta property=\"og:locale\" content=\"en_GB\" \/>\n<meta property=\"og:type\" content=\"article\" \/>\n<meta property=\"og:title\" content=\"Pack Noche Rom\u00e1ntica | Hotel Cims Camprodon\" \/>\n<meta property=\"og:description\" content=\"Disfruta del pack de una Noche Rom\u00e1ntica en el Hotel Cims Camprodon. Ideal para una escapada en pareja, rom\u00e1ntica y m\u00e1gica.\" \/>\n<meta property=\"og:url\" content=\"https:\/\/hotelcimscamprodon.com\/en\/product\/noche-romantica-en-pareja\/\" \/>\n<meta property=\"og:site_name\" content=\"Hotel Cims Camprodon\" \/>\n<meta property=\"article:publisher\" content=\"https:\/\/www.facebook.com\/hotelcimscamprodon\" \/>\n<meta property=\"article:modified_time\" content=\"2026-02-16T12:36:53+00:00\" \/>\n<meta property=\"og:image\" content=\"https:\/\/hotelcimscamprodon.com\/wp-content\/uploads\/2022\/11\/20221123_Cims_277-e1669980819280.jpg\" \/>\n\t<meta property=\"og:image:width\" content=\"1667\" \/>\n\t<meta property=\"og:image:height\" content=\"2181\" \/>\n\t<meta property=\"og:image:type\" content=\"image\/jpeg\" \/>\n<meta name=\"twitter:card\" content=\"summary_large_image\" \/>\n<meta name=\"twitter:label1\" content=\"Estimated reading time\" \/>\n\t<meta name=\"twitter:data1\" content=\"2 minutes\" \/>\n<script type=\"application\/ld+json\" class=\"yoast-schema-graph\">{\"@context\":\"https:\/\/schema.org\",\"@graph\":[{\"@type\":\"WebPage\",\"@id\":\"https:\/\/hotelcimscamprodon.com\/producto\/noche-romantica-en-pareja\/\",\"url\":\"https:\/\/hotelcimscamprodon.com\/producto\/noche-romantica-en-pareja\/\",\"name\":\"Pack Noche Rom\u00e1ntica | Hotel Cims Camprodon\",\"isPartOf\":{\"@id\":\"\/#website\"},\"primaryImageOfPage\":{\"@id\":\"https:\/\/hotelcimscamprodon.com\/producto\/noche-romantica-en-pareja\/#primaryimage\"},\"image\":{\"@id\":\"https:\/\/hotelcimscamprodon.com\/producto\/noche-romantica-en-pareja\/#primaryimage\"},\"thumbnailUrl\":\"https:\/\/hotelcimscamprodon.com\/wp-content\/uploads\/2022\/11\/20221123_Cims_277-e1669980819280.jpg\",\"datePublished\":\"2022-11-27T22:41:15+00:00\",\"dateModified\":\"2026-02-16T12:36:53+00:00\",\"description\":\"Disfruta del pack de una Noche Rom\u00e1ntica en el Hotel Cims Camprodon. Ideal para una escapada en pareja, rom\u00e1ntica y m\u00e1gica.\",\"breadcrumb\":{\"@id\":\"https:\/\/hotelcimscamprodon.com\/producto\/noche-romantica-en-pareja\/#breadcrumb\"},\"inLanguage\":\"en-GB\",\"potentialAction\":[{\"@type\":\"ReadAction\",\"target\":[\"https:\/\/hotelcimscamprodon.com\/producto\/noche-romantica-en-pareja\/\"]}]},{\"@type\":\"ImageObject\",\"inLanguage\":\"en-GB\",\"@id\":\"https:\/\/hotelcimscamprodon.com\/producto\/noche-romantica-en-pareja\/#primaryimage\",\"url\":\"https:\/\/hotelcimscamprodon.com\/wp-content\/uploads\/2022\/11\/20221123_Cims_277-e1669980819280.jpg\",\"contentUrl\":\"https:\/\/hotelcimscamprodon.com\/wp-content\/uploads\/2022\/11\/20221123_Cims_277-e1669980819280.jpg\",\"width\":1667,\"height\":2181,\"caption\":\"Noche Rom\u00e1ntica en Pareja\"},{\"@type\":\"BreadcrumbList\",\"@id\":\"https:\/\/hotelcimscamprodon.com\/producto\/noche-romantica-en-pareja\/#breadcrumb\",\"itemListElement\":[{\"@type\":\"ListItem\",\"position\":1,\"name\":\"Portada\",\"item\":\"https:\/\/hotelcimscamprodon.com\/\"},{\"@type\":\"ListItem\",\"position\":2,\"name\":\"Pack Noche Rom\u00e1ntica\"}]},{\"@type\":\"WebSite\",\"@id\":\"\/#website\",\"url\":\"\/\",\"name\":\"Hotel Cims Camprodon\",\"description\":\"El Hotel Cims Camprodon es un hotel B&amp;B en el centro de Camprodon confortable, familiar y econ\u00f3mico. Haz tu reserva en la web oficial.\",\"publisher\":{\"@id\":\"\/#organization\"},\"potentialAction\":[{\"@type\":\"SearchAction\",\"target\":{\"@type\":\"EntryPoint\",\"urlTemplate\":\"\/?s={search_term_string}\"},\"query-input\":{\"@type\":\"PropertyValueSpecification\",\"valueRequired\":true,\"valueName\":\"search_term_string\"}}],\"inLanguage\":\"en-GB\"},{\"@type\":\"Organization\",\"@id\":\"\/#organization\",\"name\":\"Hotel Cims Camprodon\",\"url\":\"\/\",\"logo\":{\"@type\":\"ImageObject\",\"inLanguage\":\"en-GB\",\"@id\":\"\/#\/schema\/logo\/image\/\",\"url\":\"https:\/\/hotelcimscamprodon.com\/wp-content\/uploads\/2022\/08\/logo-cims-camprodon.png\",\"contentUrl\":\"https:\/\/hotelcimscamprodon.com\/wp-content\/uploads\/2022\/08\/logo-cims-camprodon.png\",\"width\":848,\"height\":553,\"caption\":\"Hotel Cims Camprodon\"},\"image\":{\"@id\":\"\/#\/schema\/logo\/image\/\"},\"sameAs\":[\"https:\/\/www.facebook.com\/hotelcimscamprodon\",\"https:\/\/www.instagram.com\/hotelcimscamprodon\"]}]}<\/script>\n<!-- \/ Yoast SEO plugin. -->","yoast_head_json":{"title":"Romantic Night Package | Hotel Cims Camprodon","description":"Disfruta del pack de una Noche Rom\u00e1ntica en el Hotel Cims Camprodon. Ideal para una escapada en pareja, rom\u00e1ntica y m\u00e1gica.","robots":{"index":"index","follow":"follow","max-snippet":"max-snippet:-1","max-image-preview":"max-image-preview:large","max-video-preview":"max-video-preview:-1"},"canonical":"https:\/\/hotelcimscamprodon.com\/en\/product\/noche-romantica-en-pareja\/","og_locale":"en_GB","og_type":"article","og_title":"Pack Noche Rom\u00e1ntica | Hotel Cims Camprodon","og_description":"Disfruta del pack de una Noche Rom\u00e1ntica en el Hotel Cims Camprodon. Ideal para una escapada en pareja, rom\u00e1ntica y m\u00e1gica.","og_url":"https:\/\/hotelcimscamprodon.com\/en\/product\/noche-romantica-en-pareja\/","og_site_name":"Hotel Cims Camprodon","article_publisher":"https:\/\/www.facebook.com\/hotelcimscamprodon","article_modified_time":"2026-02-16T12:36:53+00:00","og_image":[{"width":1667,"height":2181,"url":"https:\/\/hotelcimscamprodon.com\/wp-content\/uploads\/2022\/11\/20221123_Cims_277-e1669980819280.jpg","type":"image\/jpeg"}],"twitter_card":"summary_large_image","twitter_misc":{"Estimated reading time":"2 minutes"},"schema":{"@context":"https:\/\/schema.org","@graph":[{"@type":"WebPage","@id":"https:\/\/hotelcimscamprodon.com\/producto\/noche-romantica-en-pareja\/","url":"https:\/\/hotelcimscamprodon.com\/producto\/noche-romantica-en-pareja\/","name":"Romantic Night Package | Hotel Cims Camprodon","isPartOf":{"@id":"\/#website"},"primaryImageOfPage":{"@id":"https:\/\/hotelcimscamprodon.com\/producto\/noche-romantica-en-pareja\/#primaryimage"},"image":{"@id":"https:\/\/hotelcimscamprodon.com\/producto\/noche-romantica-en-pareja\/#primaryimage"},"thumbnailUrl":"https:\/\/hotelcimscamprodon.com\/wp-content\/uploads\/2022\/11\/20221123_Cims_277-e1669980819280.jpg","datePublished":"2022-11-27T22:41:15+00:00","dateModified":"2026-02-16T12:36:53+00:00","description":"Disfruta del pack de una Noche Rom\u00e1ntica en el Hotel Cims Camprodon. Ideal para una escapada en pareja, rom\u00e1ntica y m\u00e1gica.","breadcrumb":{"@id":"https:\/\/hotelcimscamprodon.com\/producto\/noche-romantica-en-pareja\/#breadcrumb"},"inLanguage":"en-GB","potentialAction":[{"@type":"ReadAction","target":["https:\/\/hotelcimscamprodon.com\/producto\/noche-romantica-en-pareja\/"]}]},{"@type":"ImageObject","inLanguage":"en-GB","@id":"https:\/\/hotelcimscamprodon.com\/producto\/noche-romantica-en-pareja\/#primaryimage","url":"https:\/\/hotelcimscamprodon.com\/wp-content\/uploads\/2022\/11\/20221123_Cims_277-e1669980819280.jpg","contentUrl":"https:\/\/hotelcimscamprodon.com\/wp-content\/uploads\/2022\/11\/20221123_Cims_277-e1669980819280.jpg","width":1667,"height":2181,"caption":"Noche Rom\u00e1ntica en Pareja"},{"@type":"BreadcrumbList","@id":"https:\/\/hotelcimscamprodon.com\/producto\/noche-romantica-en-pareja\/#breadcrumb","itemListElement":[{"@type":"ListItem","position":1,"name":"Portada","item":"https:\/\/hotelcimscamprodon.com\/"},{"@type":"ListItem","position":2,"name":"Pack Noche Rom\u00e1ntica"}]},{"@type":"WebSite","@id":"\/#website","url":"\/","name":"Hotel Cims Camprodon","description":"The Hotel Cims Camprodon is a comfortable, familiar and economical B&amp;B hotel in the center of Camprodon. Make your reservation on the official website.","publisher":{"@id":"\/#organization"},"potentialAction":[{"@type":"SearchAction","target":{"@type":"EntryPoint","urlTemplate":"\/?s={search_term_string}"},"query-input":{"@type":"PropertyValueSpecification","valueRequired":true,"valueName":"search_term_string"}}],"inLanguage":"en-GB"},{"@type":"Organization","@id":"\/#organization","name":"Hotel Cims Camprodon","url":"\/","logo":{"@type":"ImageObject","inLanguage":"en-GB","@id":"\/#\/schema\/logo\/image\/","url":"https:\/\/hotelcimscamprodon.com\/wp-content\/uploads\/2022\/08\/logo-cims-camprodon.png","contentUrl":"https:\/\/hotelcimscamprodon.com\/wp-content\/uploads\/2022\/08\/logo-cims-camprodon.png","width":848,"height":553,"caption":"Hotel Cims Camprodon"},"image":{"@id":"\/#\/schema\/logo\/image\/"},"sameAs":["https:\/\/www.facebook.com\/hotelcimscamprodon","https:\/\/www.instagram.com\/hotelcimscamprodon"]}]}},"_links":{"self":[{"href":"https:\/\/hotelcimscamprodon.com\/en\/wp-json\/wp\/v2\/product\/1899","targetHints":{"allow":["GET"]}}],"collection":[{"href":"https:\/\/hotelcimscamprodon.com\/en\/wp-json\/wp\/v2\/product"}],"about":[{"href":"https:\/\/hotelcimscamprodon.com\/en\/wp-json\/wp\/v2\/types\/product"}],"replies":[{"embeddable":true,"href":"https:\/\/hotelcimscamprodon.com\/en\/wp-json\/wp\/v2\/comments?post=1899"}],"wp:featuredmedia":[{"embeddable":true,"href":"https:\/\/hotelcimscamprodon.com\/en\/wp-json\/wp\/v2\/media\/1933"}],"wp:attachment":[{"href":"https:\/\/hotelcimscamprodon.com\/en\/wp-json\/wp\/v2\/media?parent=1899"}],"wp:term":[{"taxonomy":"product_brand","embeddable":true,"href":"https:\/\/hotelcimscamprodon.com\/en\/wp-json\/wp\/v2\/product_brand?post=1899"},{"taxonomy":"product_cat","embeddable":true,"href":"https:\/\/hotelcimscamprodon.com\/en\/wp-json\/wp\/v2\/product_cat?post=1899"},{"taxonomy":"product_tag","embeddable":true,"href":"https:\/\/hotelcimscamprodon.com\/en\/wp-json\/wp\/v2\/product_tag?post=1899"}],"curies":[{"name":"wp","href":"https:\/\/api.w.org\/{rel}","templated":true}]}}