{"id":3678,"date":"2024-03-26T10:40:46","date_gmt":"2024-03-26T10:40:46","guid":{"rendered":"https:\/\/hotelcimscamprodon.com\/?page_id=3678"},"modified":"2026-02-16T12:29:42","modified_gmt":"2026-02-16T12:29:42","slug":"politica-de-cookies","status":"publish","type":"page","link":"https:\/\/hotelcimscamprodon.com\/en\/politica-de-cookies\/","title":{"rendered":"Cookies policy"},"content":{"rendered":"<div data-elementor-type=\"wp-page\" data-elementor-id=\"3678\" class=\"elementor elementor-3678\" data-elementor-post-type=\"page\">\n\t\t\t\t\t\t<section class=\"elementor-section elementor-top-section elementor-element elementor-element-29b58ae1 elementor-section-boxed elementor-section-height-default elementor-section-height-default\" data-id=\"29b58ae1\" data-element_type=\"section\" data-e-type=\"section\">\n\t\t\t\t\t\t<div class=\"elementor-container elementor-column-gap-default\">\n\t\t\t\t\t<div class=\"elementor-column elementor-col-100 elementor-top-column elementor-element elementor-element-7edc20dc\" data-id=\"7edc20dc\" data-element_type=\"column\" data-e-type=\"column\">\n\t\t\t<div class=\"elementor-widget-wrap elementor-element-populated\">\n\t\t\t\t\t\t<div class=\"elementor-element elementor-element-52af4b36 elementor-widget elementor-widget-text-editor\" data-id=\"52af4b36\" data-element_type=\"widget\" data-e-type=\"widget\" data-widget_type=\"text-editor.default\">\n\t\t\t\t<div class=\"elementor-widget-container\">\n\t\t\t\t\t\t\t\t\t<h1 class=\"wp-block-heading\">Cookies policy<\/h1>\n<p><!-- \/wp:heading --><\/p>\n<p><!-- wp:paragraph --><\/p>\n<p>Date: March 26, 2024<\/p>\n<p><!-- \/wp:paragraph --><\/p>\n<p><!-- wp:heading {\"level\":3} --><\/p>\n<h3 class=\"wp-block-heading\">What are cookies?<\/h3>\n<p><!-- \/wp:heading --><\/p>\n<p><!-- wp:paragraph --><\/p>\n<p>This Cookie Policy explains what cookies are and how we use them, the types of cookies we use, that is, the information we collect using cookies and how that information is used, and how to manage your cookie settings.<br \/>Cookies are small text files used to store small pieces of information. They are stored on your device when the website loads in your browser. These cookies help us make the website work properly, make it more secure, provide a better user experience and understand how the website performs and analyze what works and where it needs improvement.<\/p>\n<p><!-- \/wp:paragraph --><\/p>\n<p><!-- wp:heading {\"level\":3} --><\/p>\n<h3 class=\"wp-block-heading\">How do we use cookies?<\/h3>\n<p><!-- \/wp:heading --><\/p>\n<p><!-- wp:paragraph --><\/p>\n<p>Like most online services, our website uses our own and third-party cookies for various purposes. First-party cookies are mostly necessary for the website to function properly and do not collect any of your personally identifiable data.<br \/>The third party cookies used on our website are mainly to understand how the website performs, how you interact with our website, keep our services secure, provide advertisements that are relevant to you and generally provide you with a better and improved user experience. . experience and help speed up your future interactions with our website.<\/p>\n<p><!-- \/wp:paragraph --><\/p>\n<p><!-- wp:heading {\"level\":3} --><\/p>\n<h3 class=\"wp-block-heading\">Types of cookies we use\u00a0\u00a0<\/h3>\n<p><!-- \/wp:group --><\/p>\t\t\t\t\t\t\t\t<\/div>\n\t\t\t\t<\/div>\n\t\t\t\t<div class=\"elementor-element elementor-element-71c7928 elementor-widget elementor-widget-text-editor\" data-id=\"71c7928\" data-element_type=\"widget\" data-e-type=\"widget\" data-widget_type=\"text-editor.default\">\n\t\t\t\t<div class=\"elementor-widget-container\">\n\t\t\t\t\t\t\t\t\t<h3>Necessary<\/h3>\n<div class=\"cky-audit-table-element\">\n<div class=\"cky-category-des\">\n<p>Necessary cookies are crucial for basic website functions and the website will not function as intended without them. These cookies do not store any personally identifiable data.<\/p>\n<\/div>\n<div class=\"cky-table-wrapper\">\n<table class=\"cky-cookie-audit-table\">\n<thead>\n<tr>\n<th>Cookie<\/th>\n<th>Duration<\/th>\n<th>Description<\/th>\n<\/tr>\n<\/thead>\n<tbody>\n<tr>\n<td>cookielawinfo-checkbox-necessary<\/td>\n<td>1 year<\/td>\n<td>Set by the GDPR Cookie Consent plugin, this cookie records the user&#039;s consent for cookies in the \u201cNecessary\u201d category.<\/td>\n<\/tr>\n<tr>\n<td>cookielawinfo-checkbox-functional<\/td>\n<td>1 year<\/td>\n<td>The GDPR Cookie Consent plugin sets the cookie to record user consent for cookies in the \u201cFunctional\u201d category.<\/td>\n<\/tr>\n<tr>\n<td>cookielawinfo-checkbox-performance<\/td>\n<td>1 year<\/td>\n<td>Set by the GDPR Cookie Consent plugin, this cookie stores user consent for cookies in the \u201cPerformance\u201d category.<\/td>\n<\/tr>\n<tr>\n<td>cookielawinfo-checkbox-analytics<\/td>\n<td>1 year<\/td>\n<td>Set by the GDPR Cookie Consent plugin, this cookie records user consent for cookies in the \u201cAnalytical\u201d category.<\/td>\n<\/tr>\n<tr>\n<td>cookielawinfo-checkbox-advertisement<\/td>\n<td>1 year<\/td>\n<td>Set by the GDPR Cookie Consent plugin, this cookie records the user&#039;s consent for cookies in the \u201cAdvertising\u201d category.<\/td>\n<\/tr>\n<tr>\n<td>cookielawinfo-checkbox-others<\/td>\n<td>1 year<\/td>\n<td>Set by the GDPR Cookie Consent plugin, this cookie stores the user&#039;s consent for cookies in the &quot;Other&quot; category.<\/td>\n<\/tr>\n<tr>\n<td>Elementor<\/td>\n<td>Never<\/td>\n<td>This cookie is set by the website&#039;s WordPress theme. It allows the website owner to deploy or change website content in real time.<\/td>\n<\/tr>\n<\/tbody>\n<\/table>\n<\/div>\n<h3>Functional<\/h3>\n<div class=\"cky-category-des\">\n<p>Functional cookies help perform certain functionalities such as sharing website content on social media platforms, collecting comments and other third-party features.<\/p>\n<\/div>\n<div class=\"cky-table-wrapper\">\n<table class=\"cky-cookie-audit-table\">\n<thead>\n<tr>\n<th>Cookie<\/th>\n<th>Duration<\/th>\n<th>Description<\/th>\n<\/tr>\n<\/thead>\n<tbody>\n<tr>\n<td>_lscache_vary<\/td>\n<td>2 days<\/td>\n<td>Litespeed sets this cookie to provide the prevention of cached pages.<\/td>\n<\/tr>\n<\/tbody>\n<\/table>\n<\/div>\n<h3>Analytics<\/h3>\n<div class=\"cky-category-des\">\n<p>Analytical cookies are used to understand how visitors interact with the website. These cookies help provide information on metrics such as the number of visitors, bounce rate, traffic source, etc.<\/p>\n<\/div>\n<div class=\"cky-table-wrapper\">\n<table class=\"cky-cookie-audit-table\">\n<thead>\n<tr>\n<th>Cookie<\/th>\n<th>Duration<\/th>\n<th>Description<\/th>\n<\/tr>\n<\/thead>\n<tbody>\n<tr>\n<td>_gcl_au<\/td>\n<td>3 months<\/td>\n<td>Google Tag Manager sets the cookie to experience the advertising effectiveness of the websites that use its services.<\/td>\n<\/tr>\n<tr>\n<td>_ga_*<\/td>\n<td>1 year 1 month 4 days<\/td>\n<td>Google Analytics sets this cookie to store and count page views.<\/td>\n<\/tr>\n<tr>\n<td>_ga<\/td>\n<td>1 year 1 month 4 days<\/td>\n<td>This cookie is set by Google Analytics to calculate visitor, session and campaign data and to track site usage for the site analytics report. The cookie stores information anonymously and assigns a randomly generated number to recognize unique visitors.<\/td>\n<\/tr>\n<tr>\n<td>_fbp<\/td>\n<td>3 months<\/td>\n<td>Facebook sets this cookie to display ads on Facebook or a digital platform with Facebook advertising after visiting the website.<\/td>\n<\/tr>\n<tr>\n<td>_gid<\/td>\n<td>1 day<\/td>\n<td>Google Analytics sets this cookie to store information about how visitors use a website, while creating an analytical report on the site&#039;s performance. Some of the data collected includes the number of visitors, their origin and the pages they visit anonymously.<\/td>\n<\/tr>\n<tr>\n<td>_gat_gtag_UA_*<\/td>\n<td>1 minute<\/td>\n<td>Google Analytics sets this cookie to store a unique user ID.<\/td>\n<\/tr>\n<\/tbody>\n<\/table>\n<\/div>\n<\/div>\t\t\t\t\t\t\t\t<\/div>\n\t\t\t\t<\/div>\n\t\t\t\t<div class=\"elementor-element elementor-element-88b6c52 elementor-widget__width-initial elementor-widget elementor-widget-text-editor\" data-id=\"88b6c52\" data-element_type=\"widget\" data-e-type=\"widget\" data-widget_type=\"text-editor.default\">\n\t\t\t\t<div class=\"elementor-widget-container\">\n\t\t\t\t\t\t\t\t\t<h2 class=\"wp-block-heading\"><span style=\"color: var(--ast-global-color-2); font-size: 1.75rem; font-style: inherit; background-color: var(--ast-global-color-5);\">Manage cookie preferences<\/span><\/h2>\n<p><!-- \/wp:heading --><\/p>\n<p><!-- wp:paragraph --><\/p>\n<p><strong>Cookie settings\u00a0<\/strong><a class=\"cky-banner-element\" style=\"font-size: 1rem;\">Cookie Settings<\/a><\/p>\n<p><span style=\"font-style: inherit; font-weight: inherit; background-color: var(--ast-global-color-5); color: var(--ast-global-color-3);\">You can change your cookie preferences at any time by clicking the button above.<\/span><\/p>\n<p><span style=\"background-color: var(--ast-global-color-5); color: var(--ast-global-color-3); font-style: inherit; font-weight: inherit; font-size: 1rem;\">This will allow you to revisit the cookie consent banner and change your preferences or withdraw your consent immediately.<\/span><\/p>\n<p><!-- \/wp:group --><\/p>\t\t\t\t\t\t\t\t<\/div>\n\t\t\t\t<\/div>\n\t\t\t\t<div class=\"elementor-element elementor-element-2e5932c elementor-widget elementor-widget-text-editor\" data-id=\"2e5932c\" data-element_type=\"widget\" data-e-type=\"widget\" data-widget_type=\"text-editor.default\">\n\t\t\t\t<div class=\"elementor-widget-container\">\n\t\t\t\t\t\t\t\t\t<p><!-- wp:heading {\"level\":1} --><\/p>\n<p class=\"wp-block-heading\"><span style=\"background-color: var(--ast-global-color-5); color: var(--ast-global-color-3); font-style: inherit; font-weight: inherit; font-size: 16px; font-family: 'Open Sans', sans-serif;\">\u00a0<\/span><\/p>\n<p class=\"wp-block-heading\"><span style=\"background-color: var(--ast-global-color-5); color: var(--ast-global-color-3); font-style: inherit; font-weight: inherit; font-size: 16px; font-family: 'Open Sans', sans-serif;\">In addition to this, different browsers offer different methods to block and delete cookies used by websites.<\/span><\/p>\n<p class=\"wp-block-heading\">You can change your browser settings to block\/delete cookies.<\/p>\n<p><span style=\"background-color: var(--ast-global-color-5); color: var(--ast-global-color-3); font-style: inherit; font-size: 1rem;\"><b>Listed below are links to support documents on how to manage and delete cookies from major web browsers:<\/b><\/span><\/p>\n<p><!-- \/wp:paragraph --><\/p>\n<p><!-- wp:paragraph --><\/p>\n<p><strong>Chrome<\/strong>: <a href=\"https:\/\/support.google.com\/accounts\/answer\/32050\" target=\"_blank\" rel=\"noreferrer noopener\">https:\/\/support.google.com\/accounts\/answer\/32050<\/a><br \/><strong>Safari<\/strong>: <a href=\"https:\/\/support.apple.com\/en-in\/guide\/safari\/sfri11471\/mac\" target=\"_blank\" rel=\"noreferrer noopener\">https:\/\/support.apple.com\/en-in\/guide\/safari\/sfri11471\/mac<\/a><br \/><strong>Firefox<\/strong>: <a href=\"https:\/\/support.mozilla.org\/en-US\/kb\/clear-cookies-and-site-data-firefox?redirectslug=delete-cookies-remove-info-websites-stored&amp;redirectlocale=en-US\" target=\"_blank\" rel=\"noreferrer noopener\">https:\/\/support.mozilla.org\/en-US\/kb\/clear-cookies-and-site-data-firefox?redirectslug=delete-cookies-remove-info-websites-stored&amp;redirectlocale=en-US<\/a><br \/><strong>Internet Explorer<\/strong>: <a href=\"https:\/\/support.microsoft.com\/en-us\/topic\/how-to-delete-cookie-files-in-internet-explorer-bca9446f-d873-78de-77ba-d42645fa52fc\" target=\"_blank\" rel=\"noreferrer noopener\">https:\/\/support.microsoft.com\/en-us\/topic\/how-to-delete-cookie-files-in-internet-explorer-bca9446f-d873-78de-77ba-d42645fa52fc<\/a><\/p>\n<p><span style=\"font-style: inherit; font-weight: inherit; background-color: var(--ast-global-color-5); color: var(--ast-global-color-3);\">\u00a0<\/span><\/p>\n<p><span style=\"font-style: inherit; font-weight: inherit; background-color: var(--ast-global-color-5); color: var(--ast-global-color-3);\">If you are using any other web browser, please visit the official support documents for your browser.<\/span><\/p>\n<p><!-- \/wp:group --><\/p>\t\t\t\t\t\t\t\t<\/div>\n\t\t\t\t<\/div>\n\t\t\t\t\t<\/div>\n\t\t<\/div>\n\t\t\t\t\t<\/div>\n\t\t<\/section>\n\t\t\t\t<\/div>","protected":false},"excerpt":{"rendered":"<p>Pol\u00edtica de Cookies Fecha: 26 de marzo de 2024 \u00bfQu\u00e9 son las cookies? Esta Pol\u00edtica de cookies explica qu\u00e9 son las cookies y c\u00f3mo las usamos, los tipos de cookies que utilizamos, es decir, la informaci\u00f3n que recopilamos mediante cookies y c\u00f3mo se usa esa informaci\u00f3n, y c\u00f3mo administrar la configuraci\u00f3n de las cookies.Las cookies [&hellip;]<\/p>\n","protected":false},"author":2,"featured_media":0,"parent":0,"menu_order":0,"comment_status":"closed","ping_status":"closed","template":"","meta":{"site-sidebar-layout":"default","site-content-layout":"","ast-site-content-layout":"default","site-content-style":"default","site-sidebar-style":"default","ast-global-header-display":"","ast-banner-title-visibility":"","ast-main-header-display":"","ast-hfb-above-header-display":"","ast-hfb-below-header-display":"","ast-hfb-mobile-header-display":"","site-post-title":"disabled","ast-breadcrumbs-content":"","ast-featured-img":"","footer-sml-layout":"","theme-transparent-header-meta":"","adv-header-id-meta":"","stick-header-meta":"","header-above-stick-meta":"","header-main-stick-meta":"","header-below-stick-meta":"","astra-migrate-meta-layouts":"set","ast-page-background-enabled":"default","ast-page-background-meta":{"desktop":{"background-color":"","background-image":"","background-repeat":"repeat","background-position":"center center","background-size":"auto","background-attachment":"scroll","background-type":"","background-media":"","overlay-type":"","overlay-color":"","overlay-opacity":"","overlay-gradient":""},"tablet":{"background-color":"","background-image":"","background-repeat":"repeat","background-position":"center center","background-size":"auto","background-attachment":"scroll","background-type":"","background-media":"","overlay-type":"","overlay-color":"","overlay-opacity":"","overlay-gradient":""},"mobile":{"background-color":"","background-image":"","background-repeat":"repeat","background-position":"center center","background-size":"auto","background-attachment":"scroll","background-type":"","background-media":"","overlay-type":"","overlay-color":"","overlay-opacity":"","overlay-gradient":""}},"ast-content-background-meta":{"desktop":{"background-color":"var(--ast-global-color-5)","background-image":"","background-repeat":"repeat","background-position":"center center","background-size":"auto","background-attachment":"scroll","background-type":"","background-media":"","overlay-type":"","overlay-color":"","overlay-opacity":"","overlay-gradient":""},"tablet":{"background-color":"var(--ast-global-color-5)","background-image":"","background-repeat":"repeat","background-position":"center center","background-size":"auto","background-attachment":"scroll","background-type":"","background-media":"","overlay-type":"","overlay-color":"","overlay-opacity":"","overlay-gradient":""},"mobile":{"background-color":"var(--ast-global-color-5)","background-image":"","background-repeat":"repeat","background-position":"center center","background-size":"auto","background-attachment":"scroll","background-type":"","background-media":"","overlay-type":"","overlay-color":"","overlay-opacity":"","overlay-gradient":""}},"footnotes":""},"class_list":["post-3678","page","type-page","status-publish","hentry"],"yoast_head":"<!-- This site is optimized with the Yoast SEO plugin v27.1.1 - https:\/\/yoast.com\/product\/yoast-seo-wordpress\/ -->\n<title>Pol\u00edtica de Cookies - Hotel Cims Camprodon<\/title>\n<meta name=\"description\" content=\"Pol\u00edtica de Cookies de Hotel Cims Camprodon: informaci\u00f3n sobre el uso de cookies en nuestro sitio web y c\u00f3mo gestionarlas\" \/>\n<meta name=\"robots\" content=\"index, follow, max-snippet:-1, max-image-preview:large, max-video-preview:-1\" \/>\n<link rel=\"canonical\" href=\"https:\/\/hotelcimscamprodon.com\/en\/politica-de-cookies\/\" \/>\n<meta property=\"og:locale\" content=\"en_GB\" \/>\n<meta property=\"og:type\" content=\"article\" \/>\n<meta property=\"og:title\" content=\"Pol\u00edtica de Cookies - Hotel Cims Camprodon\" \/>\n<meta property=\"og:description\" content=\"Pol\u00edtica de Cookies de Hotel Cims Camprodon: informaci\u00f3n sobre el uso de cookies en nuestro sitio web y c\u00f3mo gestionarlas\" \/>\n<meta property=\"og:url\" content=\"https:\/\/hotelcimscamprodon.com\/en\/politica-de-cookies\/\" \/>\n<meta property=\"og:site_name\" content=\"Hotel Cims Camprodon\" \/>\n<meta property=\"article:publisher\" content=\"https:\/\/www.facebook.com\/hotelcimscamprodon\" \/>\n<meta property=\"article:modified_time\" content=\"2026-02-16T12:29:42+00:00\" \/>\n<meta property=\"og:image\" content=\"https:\/\/hotelcimscamprodon.com\/wp-content\/uploads\/2022\/08\/2-scaled.jpg\" \/>\n\t<meta property=\"og:image:width\" content=\"2560\" \/>\n\t<meta property=\"og:image:height\" content=\"1940\" \/>\n\t<meta property=\"og:image:type\" content=\"image\/jpeg\" \/>\n<meta name=\"twitter:card\" content=\"summary_large_image\" \/>\n<meta name=\"twitter:label1\" content=\"Estimated reading time\" \/>\n\t<meta name=\"twitter:data1\" content=\"4 minutes\" \/>\n<script type=\"application\/ld+json\" class=\"yoast-schema-graph\">{\"@context\":\"https:\/\/schema.org\",\"@graph\":[{\"@type\":\"WebPage\",\"@id\":\"https:\/\/hotelcimscamprodon.com\/politica-de-cookies\/\",\"url\":\"https:\/\/hotelcimscamprodon.com\/politica-de-cookies\/\",\"name\":\"Pol\u00edtica de Cookies - Hotel Cims Camprodon\",\"isPartOf\":{\"@id\":\"\/#website\"},\"datePublished\":\"2024-03-26T10:40:46+00:00\",\"dateModified\":\"2026-02-16T12:29:42+00:00\",\"description\":\"Pol\u00edtica de Cookies de Hotel Cims Camprodon: informaci\u00f3n sobre el uso de cookies en nuestro sitio web y c\u00f3mo gestionarlas\",\"breadcrumb\":{\"@id\":\"https:\/\/hotelcimscamprodon.com\/politica-de-cookies\/#breadcrumb\"},\"inLanguage\":\"en-GB\",\"potentialAction\":[{\"@type\":\"ReadAction\",\"target\":[\"https:\/\/hotelcimscamprodon.com\/politica-de-cookies\/\"]}]},{\"@type\":\"BreadcrumbList\",\"@id\":\"https:\/\/hotelcimscamprodon.com\/politica-de-cookies\/#breadcrumb\",\"itemListElement\":[{\"@type\":\"ListItem\",\"position\":1,\"name\":\"Portada\",\"item\":\"https:\/\/hotelcimscamprodon.com\/\"},{\"@type\":\"ListItem\",\"position\":2,\"name\":\"Pol\u00edtica de Cookies\"}]},{\"@type\":\"WebSite\",\"@id\":\"\/#website\",\"url\":\"\/\",\"name\":\"Hotel Cims Camprodon\",\"description\":\"El Hotel Cims Camprodon es un hotel B&amp;B en el centro de Camprodon confortable, familiar y econ\u00f3mico. Haz tu reserva en la web oficial.\",\"publisher\":{\"@id\":\"\/#organization\"},\"potentialAction\":[{\"@type\":\"SearchAction\",\"target\":{\"@type\":\"EntryPoint\",\"urlTemplate\":\"\/?s={search_term_string}\"},\"query-input\":{\"@type\":\"PropertyValueSpecification\",\"valueRequired\":true,\"valueName\":\"search_term_string\"}}],\"inLanguage\":\"en-GB\"},{\"@type\":\"Organization\",\"@id\":\"\/#organization\",\"name\":\"Hotel Cims Camprodon\",\"url\":\"\/\",\"logo\":{\"@type\":\"ImageObject\",\"inLanguage\":\"en-GB\",\"@id\":\"\/#\/schema\/logo\/image\/\",\"url\":\"https:\/\/hotelcimscamprodon.com\/wp-content\/uploads\/2022\/08\/logo-cims-camprodon.png\",\"contentUrl\":\"https:\/\/hotelcimscamprodon.com\/wp-content\/uploads\/2022\/08\/logo-cims-camprodon.png\",\"width\":848,\"height\":553,\"caption\":\"Hotel Cims Camprodon\"},\"image\":{\"@id\":\"\/#\/schema\/logo\/image\/\"},\"sameAs\":[\"https:\/\/www.facebook.com\/hotelcimscamprodon\",\"https:\/\/www.instagram.com\/hotelcimscamprodon\"]}]}<\/script>\n<!-- \/ Yoast SEO plugin. -->","yoast_head_json":{"title":"Cookies Policy - Hotel Cims Camprodon","description":"Pol\u00edtica de Cookies de Hotel Cims Camprodon: informaci\u00f3n sobre el uso de cookies en nuestro sitio web y c\u00f3mo gestionarlas","robots":{"index":"index","follow":"follow","max-snippet":"max-snippet:-1","max-image-preview":"max-image-preview:large","max-video-preview":"max-video-preview:-1"},"canonical":"https:\/\/hotelcimscamprodon.com\/en\/politica-de-cookies\/","og_locale":"en_GB","og_type":"article","og_title":"Pol\u00edtica de Cookies - Hotel Cims Camprodon","og_description":"Pol\u00edtica de Cookies de Hotel Cims Camprodon: informaci\u00f3n sobre el uso de cookies en nuestro sitio web y c\u00f3mo gestionarlas","og_url":"https:\/\/hotelcimscamprodon.com\/en\/politica-de-cookies\/","og_site_name":"Hotel Cims Camprodon","article_publisher":"https:\/\/www.facebook.com\/hotelcimscamprodon","article_modified_time":"2026-02-16T12:29:42+00:00","og_image":[{"width":2560,"height":1940,"url":"https:\/\/hotelcimscamprodon.com\/wp-content\/uploads\/2022\/08\/2-scaled.jpg","type":"image\/jpeg"}],"twitter_card":"summary_large_image","twitter_misc":{"Estimated reading time":"4 minutes"},"schema":{"@context":"https:\/\/schema.org","@graph":[{"@type":"WebPage","@id":"https:\/\/hotelcimscamprodon.com\/politica-de-cookies\/","url":"https:\/\/hotelcimscamprodon.com\/politica-de-cookies\/","name":"Cookies Policy - Hotel Cims Camprodon","isPartOf":{"@id":"\/#website"},"datePublished":"2024-03-26T10:40:46+00:00","dateModified":"2026-02-16T12:29:42+00:00","description":"Pol\u00edtica de Cookies de Hotel Cims Camprodon: informaci\u00f3n sobre el uso de cookies en nuestro sitio web y c\u00f3mo gestionarlas","breadcrumb":{"@id":"https:\/\/hotelcimscamprodon.com\/politica-de-cookies\/#breadcrumb"},"inLanguage":"en-GB","potentialAction":[{"@type":"ReadAction","target":["https:\/\/hotelcimscamprodon.com\/politica-de-cookies\/"]}]},{"@type":"BreadcrumbList","@id":"https:\/\/hotelcimscamprodon.com\/politica-de-cookies\/#breadcrumb","itemListElement":[{"@type":"ListItem","position":1,"name":"Portada","item":"https:\/\/hotelcimscamprodon.com\/"},{"@type":"ListItem","position":2,"name":"Pol\u00edtica de Cookies"}]},{"@type":"WebSite","@id":"\/#website","url":"\/","name":"Hotel Cims Camprodon","description":"The Hotel Cims Camprodon is a comfortable, familiar and economical B&amp;B hotel in the center of Camprodon. Make your reservation on the official website.","publisher":{"@id":"\/#organization"},"potentialAction":[{"@type":"SearchAction","target":{"@type":"EntryPoint","urlTemplate":"\/?s={search_term_string}"},"query-input":{"@type":"PropertyValueSpecification","valueRequired":true,"valueName":"search_term_string"}}],"inLanguage":"en-GB"},{"@type":"Organization","@id":"\/#organization","name":"Hotel Cims Camprodon","url":"\/","logo":{"@type":"ImageObject","inLanguage":"en-GB","@id":"\/#\/schema\/logo\/image\/","url":"https:\/\/hotelcimscamprodon.com\/wp-content\/uploads\/2022\/08\/logo-cims-camprodon.png","contentUrl":"https:\/\/hotelcimscamprodon.com\/wp-content\/uploads\/2022\/08\/logo-cims-camprodon.png","width":848,"height":553,"caption":"Hotel Cims Camprodon"},"image":{"@id":"\/#\/schema\/logo\/image\/"},"sameAs":["https:\/\/www.facebook.com\/hotelcimscamprodon","https:\/\/www.instagram.com\/hotelcimscamprodon"]}]}},"_links":{"self":[{"href":"https:\/\/hotelcimscamprodon.com\/en\/wp-json\/wp\/v2\/pages\/3678","targetHints":{"allow":["GET"]}}],"collection":[{"href":"https:\/\/hotelcimscamprodon.com\/en\/wp-json\/wp\/v2\/pages"}],"about":[{"href":"https:\/\/hotelcimscamprodon.com\/en\/wp-json\/wp\/v2\/types\/page"}],"author":[{"embeddable":true,"href":"https:\/\/hotelcimscamprodon.com\/en\/wp-json\/wp\/v2\/users\/2"}],"replies":[{"embeddable":true,"href":"https:\/\/hotelcimscamprodon.com\/en\/wp-json\/wp\/v2\/comments?post=3678"}],"version-history":[{"count":32,"href":"https:\/\/hotelcimscamprodon.com\/en\/wp-json\/wp\/v2\/pages\/3678\/revisions"}],"predecessor-version":[{"id":4062,"href":"https:\/\/hotelcimscamprodon.com\/en\/wp-json\/wp\/v2\/pages\/3678\/revisions\/4062"}],"wp:attachment":[{"href":"https:\/\/hotelcimscamprodon.com\/en\/wp-json\/wp\/v2\/media?parent=3678"}],"curies":[{"name":"wp","href":"https:\/\/api.w.org\/{rel}","templated":true}]}}