{"id":2197,"date":"2023-03-14T14:37:09","date_gmt":"2023-03-14T14:37:09","guid":{"rendered":"https:\/\/hotelcimscamprodon.com\/?post_type=product&#038;p=2197"},"modified":"2026-02-11T15:10:40","modified_gmt":"2026-02-11T15:10:40","slug":"pack-escapada-dos-noches-pareja","status":"publish","type":"product","link":"https:\/\/hotelcimscamprodon.com\/ca\/producte\/pack-escapada-dos-noches-pareja\/","title":{"rendered":"Pack Escapada 2 nits en parella"},"content":{"rendered":"<h2><strong>Qu\u00e8 inclou el nostre Pack Escapada 2 nits en parella?<\/strong><\/h2>\n<ul>\n<li>2 nits a l&#039;habitaci\u00f3 doble de l&#039;hotel Cims Camprodon<\/li>\n<li>Esmorzar Bufet per a 2 persones<\/li>\n<li>Late Check Out (subjecte a disponibilitat)<\/li>\n<li>Pla\u00e7a P\u00e0rquing de l&#039;Hotel (subjecte a disponibilitat)<\/li>\n<\/ul>\n<p><strong><strong style=\"font-size: 16px;\"><b>L&#039;Hotel Cims de Camprodon: <\/b><\/strong><\/strong>L&#039;Hotel Cims \u00e9s un modern hotel B&amp;B petit i c\u00e0lid ubicat al centre de Camprodon, ideal per a una escapada en fam\u00edlia.<\/p>\n<p><strong style=\"font-size: 16px;\"><b>L&#039;habitaci\u00f3 <\/b><\/strong><strong style=\"font-size: 16px;\">Doble: <\/strong>Habitaci\u00f3 de 18 m\u00b2, amb un llit doble, escriptori i armari de la roba. Disposa de bany privat amb dutxa o banyera i un balc\u00f3 amb unes bones vistes al riu Ritort o al monestir i Esgl\u00e9sia de Sta. Maria.<\/p>\n<p><strong>Disponibilitat: <\/strong>Pack est\u00e0 disponible durant tot l&#039;any, excepte cap d&#039;any,<span class=\"OYPEnA text-decoration-none text-strikethrough-none\">\u00a0segons la temporada que hagis triat. <\/span><span class=\"OYPEnA text-decoration-none text-strikethrough-none\">Aquest xec t\u00e9 caducitat de 1 any, a partir del dia de la compra.\u00a0<\/span><\/p>\n<p><strong>Com rebr\u00e9 el xec? <\/strong>Un cop comprat el xec regal, rebr\u00e0s un val en format PDF pel correu electr\u00f2nic que ens hagis adjuntat.<\/p>\n<p><strong>Com puc bescanviar el Xec? <\/strong>Per bescanviar el xec i reservar, haur\u00e0s de trucar a l'hotel <a href=\"tel: +34 972 753 092\">al +34 972 753 092 <\/a>o enviar un correu a <a href=\"mailto:info@hotelcimscamprodon.com\">info@hotelcimscamprodon.com<\/a> dient els dies que desitges fer la reserva. Tot seguit, rebr\u00e0s un correu confirmant la teva reserva.<\/p>","protected":false},"excerpt":{"rendered":"<p>Aconsegueix el teu Pack Escapada 2 nits en parella a l&#039;Hotel Cims Camprodon. Ideal per desconnectar i gaudir d\u00b4una escapada en parella a la Vall de Camprodon.<\/p>\n<p>Tria la temporada que vulguis i veur\u00e0s el preu autom\u00e0ticament.<\/p>","protected":false},"featured_media":2349,"comment_status":"closed","ping_status":"closed","template":"","meta":{"site-sidebar-layout":"default","site-content-layout":"default","ast-site-content-layout":"default","site-content-style":"default","site-sidebar-style":"default","ast-global-header-display":"","ast-banner-title-visibility":"","ast-main-header-display":"","ast-hfb-above-header-display":"","ast-hfb-below-header-display":"","ast-hfb-mobile-header-display":"","site-post-title":"","ast-breadcrumbs-content":"","ast-featured-img":"","footer-sml-layout":"","theme-transparent-header-meta":"default","adv-header-id-meta":"","stick-header-meta":"default","header-above-stick-meta":"","header-main-stick-meta":"","header-below-stick-meta":"","astra-migrate-meta-layouts":"set","ast-page-background-enabled":"default","ast-page-background-meta":{"desktop":{"background-color":"","background-image":"","background-repeat":"repeat","background-position":"center center","background-size":"auto","background-attachment":"scroll","background-type":"","background-media":"","overlay-type":"","overlay-color":"","overlay-opacity":"","overlay-gradient":""},"tablet":{"background-color":"","background-image":"","background-repeat":"repeat","background-position":"center center","background-size":"auto","background-attachment":"scroll","background-type":"","background-media":"","overlay-type":"","overlay-color":"","overlay-opacity":"","overlay-gradient":""},"mobile":{"background-color":"","background-image":"","background-repeat":"repeat","background-position":"center center","background-size":"auto","background-attachment":"scroll","background-type":"","background-media":"","overlay-type":"","overlay-color":"","overlay-opacity":"","overlay-gradient":""}},"ast-content-background-meta":{"desktop":{"background-color":"var(--ast-global-color-5)","background-image":"","background-repeat":"repeat","background-position":"center center","background-size":"auto","background-attachment":"scroll","background-type":"","background-media":"","overlay-type":"","overlay-color":"","overlay-opacity":"","overlay-gradient":""},"tablet":{"background-color":"var(--ast-global-color-5)","background-image":"","background-repeat":"repeat","background-position":"center center","background-size":"auto","background-attachment":"scroll","background-type":"","background-media":"","overlay-type":"","overlay-color":"","overlay-opacity":"","overlay-gradient":""},"mobile":{"background-color":"var(--ast-global-color-5)","background-image":"","background-repeat":"repeat","background-position":"center center","background-size":"auto","background-attachment":"scroll","background-type":"","background-media":"","overlay-type":"","overlay-color":"","overlay-opacity":"","overlay-gradient":""}}},"product_brand":[],"product_cat":[20],"product_tag":[],"class_list":{"0":"post-2197","1":"product","2":"type-product","3":"status-publish","4":"has-post-thumbnail","6":"product_cat-sin-categorizar","7":"desktop-align-left","8":"tablet-align-left","9":"mobile-align-left","10":"ast-product-gallery-layout-horizontal-slider","11":"ast-product-single-variable","12":"ast-product-tabs-layout-horizontal","14":"first","15":"instock","16":"shipping-taxable","17":"purchasable","18":"product-type-variable"},"yoast_head":"<!-- This site is optimized with the Yoast SEO plugin v27.1.1 - https:\/\/yoast.com\/product\/yoast-seo-wordpress\/ -->\n<title>Pack Escapada 2 noches en pareja | Hotel Cims Camprodon<\/title>\n<meta name=\"description\" content=\"Disfruta del Pack Escapada 2 noches en pareja del Hotel Cims Camprodon. Ideal para una escapada en pareja en el valle de Camprodon.\" \/>\n<meta name=\"robots\" content=\"index, follow, max-snippet:-1, max-image-preview:large, max-video-preview:-1\" \/>\n<link rel=\"canonical\" href=\"https:\/\/hotelcimscamprodon.com\/ca\/producte\/pack-escapada-dos-noches-pareja\/\" \/>\n<meta property=\"og:locale\" content=\"ca_ES\" \/>\n<meta property=\"og:type\" content=\"article\" \/>\n<meta property=\"og:title\" content=\"Pack Escapada 2 noches en pareja | Hotel Cims Camprodon\" \/>\n<meta property=\"og:description\" content=\"Disfruta del Pack Escapada 2 noches en pareja del Hotel Cims Camprodon. Ideal para una escapada en pareja en el valle de Camprodon.\" \/>\n<meta property=\"og:url\" content=\"https:\/\/hotelcimscamprodon.com\/ca\/producte\/pack-escapada-dos-noches-pareja\/\" \/>\n<meta property=\"og:site_name\" content=\"Hotel Cims Camprodon\" \/>\n<meta property=\"article:publisher\" content=\"https:\/\/www.facebook.com\/hotelcimscamprodon\" \/>\n<meta property=\"article:modified_time\" content=\"2026-02-11T15:10:40+00:00\" \/>\n<meta property=\"og:image\" content=\"https:\/\/hotelcimscamprodon.com\/wp-content\/uploads\/2023\/03\/20221123_Cims_166-1.jpg\" \/>\n\t<meta property=\"og:image:width\" content=\"2500\" \/>\n\t<meta property=\"og:image:height\" content=\"1667\" \/>\n\t<meta property=\"og:image:type\" content=\"image\/jpeg\" \/>\n<meta name=\"twitter:card\" content=\"summary_large_image\" \/>\n<meta name=\"twitter:label1\" content=\"Temps estimat de lectura\" \/>\n\t<meta name=\"twitter:data1\" content=\"2 minuts\" \/>\n<script type=\"application\/ld+json\" class=\"yoast-schema-graph\">{\"@context\":\"https:\/\/schema.org\",\"@graph\":[{\"@type\":\"WebPage\",\"@id\":\"https:\/\/hotelcimscamprodon.com\/producto\/pack-escapada-dos-noches-pareja\/\",\"url\":\"https:\/\/hotelcimscamprodon.com\/producto\/pack-escapada-dos-noches-pareja\/\",\"name\":\"Pack Escapada 2 noches en pareja | Hotel Cims Camprodon\",\"isPartOf\":{\"@id\":\"\/#website\"},\"primaryImageOfPage\":{\"@id\":\"https:\/\/hotelcimscamprodon.com\/producto\/pack-escapada-dos-noches-pareja\/#primaryimage\"},\"image\":{\"@id\":\"https:\/\/hotelcimscamprodon.com\/producto\/pack-escapada-dos-noches-pareja\/#primaryimage\"},\"thumbnailUrl\":\"https:\/\/hotelcimscamprodon.com\/wp-content\/uploads\/2023\/03\/20221123_Cims_166-1.jpg\",\"datePublished\":\"2023-03-14T14:37:09+00:00\",\"dateModified\":\"2026-02-11T15:10:40+00:00\",\"description\":\"Disfruta del Pack Escapada 2 noches en pareja del Hotel Cims Camprodon. Ideal para una escapada en pareja en el valle de Camprodon.\",\"breadcrumb\":{\"@id\":\"https:\/\/hotelcimscamprodon.com\/producto\/pack-escapada-dos-noches-pareja\/#breadcrumb\"},\"inLanguage\":\"ca\",\"potentialAction\":[{\"@type\":\"ReadAction\",\"target\":[\"https:\/\/hotelcimscamprodon.com\/producto\/pack-escapada-dos-noches-pareja\/\"]}]},{\"@type\":\"ImageObject\",\"inLanguage\":\"ca\",\"@id\":\"https:\/\/hotelcimscamprodon.com\/producto\/pack-escapada-dos-noches-pareja\/#primaryimage\",\"url\":\"https:\/\/hotelcimscamprodon.com\/wp-content\/uploads\/2023\/03\/20221123_Cims_166-1.jpg\",\"contentUrl\":\"https:\/\/hotelcimscamprodon.com\/wp-content\/uploads\/2023\/03\/20221123_Cims_166-1.jpg\",\"width\":2500,\"height\":1667},{\"@type\":\"BreadcrumbList\",\"@id\":\"https:\/\/hotelcimscamprodon.com\/producto\/pack-escapada-dos-noches-pareja\/#breadcrumb\",\"itemListElement\":[{\"@type\":\"ListItem\",\"position\":1,\"name\":\"Portada\",\"item\":\"https:\/\/hotelcimscamprodon.com\/\"},{\"@type\":\"ListItem\",\"position\":2,\"name\":\"Pack Escapada 2 noches en pareja\"}]},{\"@type\":\"WebSite\",\"@id\":\"\/#website\",\"url\":\"\/\",\"name\":\"Hotel Cims Camprodon\",\"description\":\"El Hotel Cims Camprodon es un hotel B&amp;B en el centro de Camprodon confortable, familiar y econ\u00f3mico. Haz tu reserva en la web oficial.\",\"publisher\":{\"@id\":\"\/#organization\"},\"potentialAction\":[{\"@type\":\"SearchAction\",\"target\":{\"@type\":\"EntryPoint\",\"urlTemplate\":\"\/?s={search_term_string}\"},\"query-input\":{\"@type\":\"PropertyValueSpecification\",\"valueRequired\":true,\"valueName\":\"search_term_string\"}}],\"inLanguage\":\"ca\"},{\"@type\":\"Organization\",\"@id\":\"\/#organization\",\"name\":\"Hotel Cims Camprodon\",\"url\":\"\/\",\"logo\":{\"@type\":\"ImageObject\",\"inLanguage\":\"ca\",\"@id\":\"\/#\/schema\/logo\/image\/\",\"url\":\"https:\/\/hotelcimscamprodon.com\/wp-content\/uploads\/2022\/08\/logo-cims-camprodon.png\",\"contentUrl\":\"https:\/\/hotelcimscamprodon.com\/wp-content\/uploads\/2022\/08\/logo-cims-camprodon.png\",\"width\":848,\"height\":553,\"caption\":\"Hotel Cims Camprodon\"},\"image\":{\"@id\":\"\/#\/schema\/logo\/image\/\"},\"sameAs\":[\"https:\/\/www.facebook.com\/hotelcimscamprodon\",\"https:\/\/www.instagram.com\/hotelcimscamprodon\"]}]}<\/script>\n<!-- \/ Yoast SEO plugin. -->","yoast_head_json":{"title":"Pack Escapada 2 nits en parella | Hotel Cims Camprodon","description":"Gaudeix del Pack Escapada 2 nits en parella de l&#039;Hotel Cims Camprodon. Ideal per a una escapada en parella a la vall de Camprodon.","robots":{"index":"index","follow":"follow","max-snippet":"max-snippet:-1","max-image-preview":"max-image-preview:large","max-video-preview":"max-video-preview:-1"},"canonical":"https:\/\/hotelcimscamprodon.com\/ca\/producte\/pack-escapada-dos-noches-pareja\/","og_locale":"ca_ES","og_type":"article","og_title":"Pack Escapada 2 noches en pareja | Hotel Cims Camprodon","og_description":"Disfruta del Pack Escapada 2 noches en pareja del Hotel Cims Camprodon. Ideal para una escapada en pareja en el valle de Camprodon.","og_url":"https:\/\/hotelcimscamprodon.com\/ca\/producte\/pack-escapada-dos-noches-pareja\/","og_site_name":"Hotel Cims Camprodon","article_publisher":"https:\/\/www.facebook.com\/hotelcimscamprodon","article_modified_time":"2026-02-11T15:10:40+00:00","og_image":[{"width":2500,"height":1667,"url":"https:\/\/hotelcimscamprodon.com\/wp-content\/uploads\/2023\/03\/20221123_Cims_166-1.jpg","type":"image\/jpeg"}],"twitter_card":"summary_large_image","twitter_misc":{"Temps estimat de lectura":"2 minuts"},"schema":{"@context":"https:\/\/schema.org","@graph":[{"@type":"WebPage","@id":"https:\/\/hotelcimscamprodon.com\/producto\/pack-escapada-dos-noches-pareja\/","url":"https:\/\/hotelcimscamprodon.com\/producto\/pack-escapada-dos-noches-pareja\/","name":"Pack Escapada 2 nits en parella | Hotel Cims Camprodon","isPartOf":{"@id":"\/#website"},"primaryImageOfPage":{"@id":"https:\/\/hotelcimscamprodon.com\/producto\/pack-escapada-dos-noches-pareja\/#primaryimage"},"image":{"@id":"https:\/\/hotelcimscamprodon.com\/producto\/pack-escapada-dos-noches-pareja\/#primaryimage"},"thumbnailUrl":"https:\/\/hotelcimscamprodon.com\/wp-content\/uploads\/2023\/03\/20221123_Cims_166-1.jpg","datePublished":"2023-03-14T14:37:09+00:00","dateModified":"2026-02-11T15:10:40+00:00","description":"Gaudeix del Pack Escapada 2 nits en parella de l&#039;Hotel Cims Camprodon. Ideal per a una escapada en parella a la vall de Camprodon.","breadcrumb":{"@id":"https:\/\/hotelcimscamprodon.com\/producto\/pack-escapada-dos-noches-pareja\/#breadcrumb"},"inLanguage":"ca","potentialAction":[{"@type":"ReadAction","target":["https:\/\/hotelcimscamprodon.com\/producto\/pack-escapada-dos-noches-pareja\/"]}]},{"@type":"ImageObject","inLanguage":"ca","@id":"https:\/\/hotelcimscamprodon.com\/producto\/pack-escapada-dos-noches-pareja\/#primaryimage","url":"https:\/\/hotelcimscamprodon.com\/wp-content\/uploads\/2023\/03\/20221123_Cims_166-1.jpg","contentUrl":"https:\/\/hotelcimscamprodon.com\/wp-content\/uploads\/2023\/03\/20221123_Cims_166-1.jpg","width":2500,"height":1667},{"@type":"BreadcrumbList","@id":"https:\/\/hotelcimscamprodon.com\/producto\/pack-escapada-dos-noches-pareja\/#breadcrumb","itemListElement":[{"@type":"ListItem","position":1,"name":"Portada","item":"https:\/\/hotelcimscamprodon.com\/"},{"@type":"ListItem","position":2,"name":"Pack Escapada 2 noches en pareja"}]},{"@type":"WebSite","@id":"\/#website","url":"\/","name":"Hotel Cims Camprodon","description":"L&#039;Hotel Cims Camprodon \u00e9s un hotel B&amp;B al centre de Camprodon confortable, familiar i econ\u00f2mic. Fes la teva reserva a la web oficial.","publisher":{"@id":"\/#organization"},"potentialAction":[{"@type":"SearchAction","target":{"@type":"EntryPoint","urlTemplate":"\/?s={search_term_string}"},"query-input":{"@type":"PropertyValueSpecification","valueRequired":true,"valueName":"search_term_string"}}],"inLanguage":"ca"},{"@type":"Organization","@id":"\/#organization","name":"Hotel Cims Camprodon","url":"\/","logo":{"@type":"ImageObject","inLanguage":"ca","@id":"\/#\/schema\/logo\/image\/","url":"https:\/\/hotelcimscamprodon.com\/wp-content\/uploads\/2022\/08\/logo-cims-camprodon.png","contentUrl":"https:\/\/hotelcimscamprodon.com\/wp-content\/uploads\/2022\/08\/logo-cims-camprodon.png","width":848,"height":553,"caption":"Hotel Cims Camprodon"},"image":{"@id":"\/#\/schema\/logo\/image\/"},"sameAs":["https:\/\/www.facebook.com\/hotelcimscamprodon","https:\/\/www.instagram.com\/hotelcimscamprodon"]}]}},"_links":{"self":[{"href":"https:\/\/hotelcimscamprodon.com\/ca\/wp-json\/wp\/v2\/product\/2197","targetHints":{"allow":["GET"]}}],"collection":[{"href":"https:\/\/hotelcimscamprodon.com\/ca\/wp-json\/wp\/v2\/product"}],"about":[{"href":"https:\/\/hotelcimscamprodon.com\/ca\/wp-json\/wp\/v2\/types\/product"}],"replies":[{"embeddable":true,"href":"https:\/\/hotelcimscamprodon.com\/ca\/wp-json\/wp\/v2\/comments?post=2197"}],"wp:featuredmedia":[{"embeddable":true,"href":"https:\/\/hotelcimscamprodon.com\/ca\/wp-json\/wp\/v2\/media\/2349"}],"wp:attachment":[{"href":"https:\/\/hotelcimscamprodon.com\/ca\/wp-json\/wp\/v2\/media?parent=2197"}],"wp:term":[{"taxonomy":"product_brand","embeddable":true,"href":"https:\/\/hotelcimscamprodon.com\/ca\/wp-json\/wp\/v2\/product_brand?post=2197"},{"taxonomy":"product_cat","embeddable":true,"href":"https:\/\/hotelcimscamprodon.com\/ca\/wp-json\/wp\/v2\/product_cat?post=2197"},{"taxonomy":"product_tag","embeddable":true,"href":"https:\/\/hotelcimscamprodon.com\/ca\/wp-json\/wp\/v2\/product_tag?post=2197"}],"curies":[{"name":"wp","href":"https:\/\/api.w.org\/{rel}","templated":true}]}}