{"id":670,"date":"2022-06-26T17:09:51","date_gmt":"2022-06-26T17:09:51","guid":{"rendered":"https:\/\/hotelcimscamprodon.com?page_id=670"},"modified":"2026-02-16T12:38:28","modified_gmt":"2026-02-16T12:38:28","slug":"politica-de-privacidad","status":"publish","type":"page","link":"https:\/\/hotelcimscamprodon.com\/ca\/politica-de-privacidad\/","title":{"rendered":"Pol\u00edtica de Privadesa"},"content":{"rendered":"<div class=\"wp-block-cover alignfull\" style=\"min-height:473px;aspect-ratio:unset;\"><span aria-hidden=\"true\" class=\"wp-block-cover__background has-background-dim\" style=\"background-color:#222222\"><\/span><img fetchpriority=\"high\" decoding=\"async\" width=\"1200\" height=\"797\" class=\"wp-block-cover__image-background wp-image-1420\" alt=\"camprodon\" src=\"https:\/\/hotelcimscamprodon.com\/wp-content\/uploads\/2022\/08\/cims-camprodon.jpg\" style=\"object-position:50% 0%\" data-object-fit=\"cover\" data-object-position=\"50% 0%\" srcset=\"https:\/\/hotelcimscamprodon.com\/wp-content\/uploads\/2022\/08\/cims-camprodon.jpg 1200w, https:\/\/hotelcimscamprodon.com\/wp-content\/uploads\/2022\/08\/cims-camprodon-300x199.jpg 300w, https:\/\/hotelcimscamprodon.com\/wp-content\/uploads\/2022\/08\/cims-camprodon-1024x680.jpg 1024w, https:\/\/hotelcimscamprodon.com\/wp-content\/uploads\/2022\/08\/cims-camprodon-768x510.jpg 768w, https:\/\/hotelcimscamprodon.com\/wp-content\/uploads\/2022\/08\/cims-camprodon-18x12.jpg 18w\" sizes=\"(max-width: 1200px) 100vw, 1200px\" \/><div class=\"wp-block-cover__inner-container is-layout-flow wp-block-cover-is-layout-flow\">\n<h1 class=\"has-white-color has-text-color wp-block-heading\">Pol\u00edtica de Privadesa<\/h1>\n\n\n\n<p>Darrera actualitzaci\u00f3: Gener 2021.<\/p>\n<\/div><\/div>\n\n\n\n<p><\/p>\n\n\n\n<p><strong>1.<\/strong>&nbsp;<strong>INFORMACI\u00d3 A L&#039;USUARI<\/strong><\/p>\n\n\n\n<p><strong>YOUR CHOICE, SL<\/strong>, com a Responsable del Tractament, us informa que, segons el que disposa el Reglament (UE) 2016\/679, de 27 d&#039;abril, (RGPD) ia la LO 3\/2018, de 5 de desembre, de protecci\u00f3 de dades i garantia dels drets digitals (LOPDGDD), tractarem les vostres dades tal com reflectim en aquesta Pol\u00edtica de Privadesa.<\/p>\n\n\n\n<p>En aquesta Pol\u00edtica de Privadesa descrivim com recollim les vostres dades personals i per qu\u00e8 les recollim, qu\u00e8 fem amb elles, amb qui les compartim, com les protegim i les seves opcions pel que fa al tractament de les vostres dades personals.<\/p>\n\n\n\n<p>Aquesta Pol\u00edtica s&#039;aplica al tractament de les vostres dades personals recollides per l&#039;empresa per a la prestaci\u00f3 dels seus serveis. Si accepteu les mesures d&#039;aquesta Pol\u00edtica, accepteu que tractem les vostres dades personals com es defineix en aquesta Pol\u00edtica.<\/p>\n\n\n\n<p><strong>2. CONTACTE<\/strong><\/p>\n\n\n\n<p>Denominaci\u00f3 social:&nbsp;<strong><strong>YOUR CHOICE<\/strong><\/strong>,<strong> SL<\/strong><br>Nom comercial:&nbsp;<strong>HOTEL CIMS CAMPRODON<\/strong><br>CIF:&nbsp;<strong> <strong>B66898693<\/strong><\/strong><br>Domicili: Pla\u00e7a Sta Maria, 9, 17867 Camprodon&nbsp;<br>e-mail:&nbsp;<strong>info@hotelcimscamprodon.com<\/strong><br>&nbsp;<br><strong>3. PRINCIPIS CLAU<\/strong><\/p>\n\n\n\n<p>Sempre hem estat compromesos amb prestar els nostres serveis amb el m\u00e9s alt grau de qualitat, cosa que inclou tractar les seves dades amb seguretat i transpar\u00e8ncia. Els nostres principis s\u00f3n:<\/p>\n\n\n\n<ul class=\"wp-block-list\">\n<li><strong>Legalitat<\/strong>: Nom\u00e9s recopilarem les vostres Dades personals per a fins espec\u00edfics, expl\u00edcits i leg\u00edtims.<\/li>\n\n\n\n<li><strong>Minimitzaci\u00f3 de dades<\/strong>: Limitem la recollida de dades de car\u00e0cter personal a all\u00f2 que \u00e9s estrictament rellevant i necessari per als fins per als que s&#039;han recopilat.<\/li>\n\n\n\n<li><strong>Limitaci\u00f3 de la Finalitat<\/strong>: Nom\u00e9s recollirem les vostres dades personals per als fins declarats i nom\u00e9s segons els vostres desitjos.<\/li>\n\n\n\n<li><strong>Precisi\u00f3<\/strong>: Mantindrem les vostres dades personals exactes i actualitzades.<\/li>\n\n\n\n<li><strong>Seguretat de les Dades<\/strong>: Apliquem les mesures t\u00e8cniques i organitzatives adequades i proporcionals als riscos per garantir que les seves dades no pateixin danys, com ara divulgaci\u00f3 o acc\u00e9s no autoritzat, la destrucci\u00f3 accidental o il\u00b7l\u00edcita o la seva p\u00e8rdua accidental o alteraci\u00f3 i qualsevol altra forma de tractament il\u00b7l\u00edcit.<\/li>\n\n\n\n<li><strong>Acc\u00e9s i Rectificaci\u00f3<\/strong>: Disposem de mitjans perqu\u00e8 accedeixi o rectifiqui les seves dades quan ho consideri oport\u00fa.<\/li>\n\n\n\n<li><strong>Conservaci\u00f3<\/strong>: Conservem les vostres dades personals de manera legal i apropiada i nom\u00e9s mentre \u00e9s necessari per als fins per als que s&#039;han recopilat.<\/li>\n\n\n\n<li><strong>Les transfer\u00e8ncies internacionals<\/strong>: quan es doni el cas que les seves dades siguin transferides fora de la UE\/EEE es protegiran adequadament.<\/li>\n\n\n\n<li><strong>Tercers<\/strong>: L&#039;acc\u00e9s i la transfer\u00e8ncia de dades personals a tercers es duen a terme d&#039;acord amb les lleis i els reglaments aplicables i amb les garanties contractuals adequades.<\/li>\n\n\n\n<li><strong>M\u00e0rqueting Directe i cookies<\/strong>: Complim amb la legislaci\u00f3 aplicable en mat\u00e8ria de publicitat i galetes.<\/li>\n<\/ul>\n\n\n\n<p><strong>4. RECOLLIDA I TRACTAMENT DE LES SEVES DADES PERSONALS<\/strong><br>Els tipus de dades que es poden sol\u00b7licitar i tractar s\u00f3n:<\/p>\n\n\n\n<ul class=\"wp-block-list\">\n<li>Dades de car\u00e0cter identificatiu.<\/li>\n<\/ul>\n\n\n\n<p>Tamb\u00e9 recollim de forma autom\u00e0tica dades sobre la seva visita al nostre lloc web segons es descriu a la pol\u00edtica de cookies.<\/p>\n\n\n\n<p>Sempre que sol\u00b7licitem les vostres Dades personals, us informarem amb claredat de quines dades personals recollim i amb quina finalitat. En general, recollim i tractem les vostres dades personals amb el prop\u00f2sit de:<\/p>\n\n\n\n<ul class=\"wp-block-list\">\n<li>Proporcionar informaci\u00f3, serveis, productes, informaci\u00f3 rellevant i novetats al sector.<\/li>\n\n\n\n<li>Enviament de comunicacions.<\/li>\n<\/ul>\n\n\n\n<p><strong>5. LEGITIMITAT<\/strong><\/p>\n\n\n\n<p>D&#039;acord amb la normativa de protecci\u00f3 de dades aplicable, les vostres dades personals es poden tractar sempre que:<\/p>\n\n\n\n<ul class=\"wp-block-list\">\n<li>Ens ha donat el consentiment als efectes del tractament. Per descomptat, podr\u00e0 retirar el seu consentiment en qualsevol moment.<\/li>\n\n\n\n<li>Per requeriment legal.<\/li>\n\n\n\n<li>Per existir un inter\u00e8s leg\u00edtim que no es vegi menyscabat pels seus drets de privadesa, com per exemple l&#039;enviament d&#039;informaci\u00f3 comercial b\u00e9 per subscripci\u00f3 a la nostra newsletter o per la seva condici\u00f3 de client.<\/li>\n\n\n\n<li>Per aix\u00f2 \u00e9s necess\u00e0ria per a la prestaci\u00f3 d&#039;algun dels nostres serveis mitjan\u00e7ant relaci\u00f3 contractual entre vost\u00e8 i nosaltres.<\/li>\n<\/ul>\n\n\n\n<p><strong>6. COMUNICACI\u00d3 DE DADES PERSONALS<\/strong><\/p>\n\n\n\n<p>Les dades poden ser comunicades a empreses relacionades amb&nbsp;<strong>YOUR CHOICE, SL<\/strong>&nbsp;per a la prestaci\u00f3 dels diversos serveis en qualitat d&#039;encarregats del tractament. L&#039;empresa no far\u00e0 cap cessi\u00f3, excepte per obligaci\u00f3 legal.<\/p>\n\n\n\n<p><strong>7. ELS SEUS DRETS<\/strong><\/p>\n\n\n\n<p>En relaci\u00f3 amb la recollida i tractament de les vostres dades personals, podeu posar-vos en contacte amb nosaltres en qualsevol moment per:<\/p>\n\n\n\n<ul class=\"wp-block-list\">\n<li>Accedir a les vostres dades personals ia qualsevol altra informaci\u00f3 indicada a l&#039;article 15.1 del RGPD.<\/li>\n\n\n\n<li>Rectificar les dades personals que siguin inexactes o estiguin incompletes d&#039;acord amb l&#039;article 16 del RGPD.<\/li>\n\n\n\n<li>Suprimir les vostres dades personals d&#039;acord amb l&#039;article 17 del RGPD.<\/li>\n\n\n\n<li>Limitar el tractament de les vostres dades personals d&#039;acord amb l&#039;article 18 del RGPD.<\/li>\n\n\n\n<li>Sol\u00b7licitar la portabilitat de les vostres dades d&#039;acord amb l&#039;article 20 del&nbsp;<a href=\"https:\/\/presencialismo.com\/\" target=\"_blank\" rel=\"noreferrer noopener\">RGPD<\/a>.<\/li>\n\n\n\n<li>Oposar-se al tractament de les vostres dades personals d&#039;acord amb l&#039;article 21 del RGPD.<\/li>\n<\/ul>\n\n\n\n<p>Si heu atorgat el vostre consentiment per a alguna finalitat concreta, teniu dret a retirar el consentiment atorgat en qualsevol moment, sense que aix\u00f2 afecti la licitud del tractament basat en el consentiment previ a la seva retirada&nbsp;<a href=\"https:\/\/presencialismo.com\/\" target=\"_blank\" rel=\"noreferrer noopener\">rrhh<\/a>.<\/p>\n\n\n\n<p>Podeu exercir aquests drets enviant comunicaci\u00f3, motivada i acreditada, a YOUR CHOICE, SL, amb domicili a Pla\u00e7a Sta Maria, 9, codi postal 17867 de Camprodon o per e-mail a\u00a0<a href=\"mailto:info@hotelcimscamprodon.com\">info@hotelcimscamprodon.com<\/a>.<\/p>\n\n\n\n<p>Tamb\u00e9 t\u00e9 dret a presentar una reclamaci\u00f3 davant de l&#039;Autoritat de control competent (<a href=\"https:\/\/aepd.es\/\" target=\"_blank\" rel=\"noreferrer noopener\">www.aepd.es<\/a>) si considera que el tractament no s&#039;ajusta a la normativa vigent.<\/p>\n\n\n\n<p><strong>8. INFORMACI\u00d3 LEGAL<\/strong><br>Els requisits d&#039;aquesta Pol\u00edtica complementen, i no reemplacen, qualsevol altre requisit existent sota la llei de protecci\u00f3 de dades aplicable, que ser\u00e0 la que prevalgui en qualsevol cas.<\/p>\n\n\n\n<p>Aquesta Pol\u00edtica est\u00e0 subjecta a revisions peri\u00f2diques i l&#039;empresa la pot modificar en qualsevol moment. Quan aix\u00f2 passi, us avisarem de qualsevol canvi i us demanarem que torneu a llegir la versi\u00f3 m\u00e9s recent de la nostra Pol\u00edtica i que confirmeu la seva acceptaci\u00f3.<\/p>\n\n\n\n<div class=\"wp-block-cover alignfull is-light is-layout-flow wp-block-cover-is-layout-flow\"><span aria-hidden=\"true\" class=\"wp-block-cover__background has-background-dim-100 has-background-dim\"><\/span><div class=\"wp-block-cover__inner-container\"><\/div><\/div>","protected":false},"excerpt":{"rendered":"<p>1.&nbsp;INFORMACI\u00d3N AL USUARIO YOUR CHOICE, S.L., como Responsable del Tratamiento, le informa que, seg\u00fan lo dispuesto en el Reglamento (UE) 2016\/679, de 27 de abril, (RGPD) y en la L.O. 3\/2018, de 5 de diciembre, de protecci\u00f3n de datos y garant\u00eda de los derechos digitales (LOPDGDD), trataremos su datos tal y como reflejamos en la [&hellip;]<\/p>\n","protected":false},"author":2,"featured_media":0,"parent":0,"menu_order":0,"comment_status":"closed","ping_status":"closed","template":"","meta":{"site-sidebar-layout":"no-sidebar","site-content-layout":"plain-container","ast-site-content-layout":"normal-width-container","site-content-style":"unboxed","site-sidebar-style":"unboxed","ast-global-header-display":"","ast-banner-title-visibility":"","ast-main-header-display":"","ast-hfb-above-header-display":"","ast-hfb-below-header-display":"","ast-hfb-mobile-header-display":"","site-post-title":"disabled","ast-breadcrumbs-content":"","ast-featured-img":"disabled","footer-sml-layout":"","theme-transparent-header-meta":"enabled","adv-header-id-meta":"","stick-header-meta":"","header-above-stick-meta":"","header-main-stick-meta":"","header-below-stick-meta":"","astra-migrate-meta-layouts":"set","ast-page-background-enabled":"default","ast-page-background-meta":{"desktop":{"background-color":"","background-image":"","background-repeat":"repeat","background-position":"center center","background-size":"auto","background-attachment":"scroll","background-type":"","background-media":"","overlay-type":"","overlay-color":"","overlay-opacity":"","overlay-gradient":""},"tablet":{"background-color":"","background-image":"","background-repeat":"repeat","background-position":"center center","background-size":"auto","background-attachment":"scroll","background-type":"","background-media":"","overlay-type":"","overlay-color":"","overlay-opacity":"","overlay-gradient":""},"mobile":{"background-color":"","background-image":"","background-repeat":"repeat","background-position":"center center","background-size":"auto","background-attachment":"scroll","background-type":"","background-media":"","overlay-type":"","overlay-color":"","overlay-opacity":"","overlay-gradient":""}},"ast-content-background-meta":{"desktop":{"background-color":"var(--ast-global-color-5)","background-image":"","background-repeat":"repeat","background-position":"center center","background-size":"auto","background-attachment":"scroll","background-type":"","background-media":"","overlay-type":"","overlay-color":"","overlay-opacity":"","overlay-gradient":""},"tablet":{"background-color":"var(--ast-global-color-5)","background-image":"","background-repeat":"repeat","background-position":"center center","background-size":"auto","background-attachment":"scroll","background-type":"","background-media":"","overlay-type":"","overlay-color":"","overlay-opacity":"","overlay-gradient":""},"mobile":{"background-color":"var(--ast-global-color-5)","background-image":"","background-repeat":"repeat","background-position":"center center","background-size":"auto","background-attachment":"scroll","background-type":"","background-media":"","overlay-type":"","overlay-color":"","overlay-opacity":"","overlay-gradient":""}},"footnotes":""},"class_list":["post-670","page","type-page","status-publish","hentry"],"yoast_head":"<!-- This site is optimized with the Yoast SEO plugin v27.1.1 - https:\/\/yoast.com\/product\/yoast-seo-wordpress\/ -->\n<title>Pol\u00edtica de Privacidad - Hotel Cims Camprodon<\/title>\n<meta name=\"description\" content=\"Pol\u00edtica de Privacidad de Hotel Cims Camprodon: c\u00f3mo protegemos tus datos personales y garantizamos la seguridad en nuestro sitio web\" \/>\n<meta name=\"robots\" content=\"index, follow, max-snippet:-1, max-image-preview:large, max-video-preview:-1\" \/>\n<link rel=\"canonical\" href=\"https:\/\/hotelcimscamprodon.com\/ca\/politica-de-privacidad\/\" \/>\n<meta property=\"og:locale\" content=\"ca_ES\" \/>\n<meta property=\"og:type\" content=\"article\" \/>\n<meta property=\"og:title\" content=\"Pol\u00edtica de Privacidad - Hotel Cims Camprodon\" \/>\n<meta property=\"og:description\" content=\"Pol\u00edtica de Privacidad de Hotel Cims Camprodon: c\u00f3mo protegemos tus datos personales y garantizamos la seguridad en nuestro sitio web\" \/>\n<meta property=\"og:url\" content=\"https:\/\/hotelcimscamprodon.com\/ca\/politica-de-privacidad\/\" \/>\n<meta property=\"og:site_name\" content=\"Hotel Cims Camprodon\" \/>\n<meta property=\"article:publisher\" content=\"https:\/\/www.facebook.com\/hotelcimscamprodon\" \/>\n<meta property=\"article:modified_time\" content=\"2026-02-16T12:38:28+00:00\" \/>\n<meta property=\"og:image\" content=\"https:\/\/hotelcimscamprodon.com\/wp-content\/uploads\/2022\/08\/cims-camprodon.jpg\" \/>\n\t<meta property=\"og:image:width\" content=\"1200\" \/>\n\t<meta property=\"og:image:height\" content=\"797\" \/>\n\t<meta property=\"og:image:type\" content=\"image\/jpeg\" \/>\n<meta name=\"twitter:card\" content=\"summary_large_image\" \/>\n<meta name=\"twitter:label1\" content=\"Temps estimat de lectura\" \/>\n\t<meta name=\"twitter:data1\" content=\"5 minuts\" \/>\n<script type=\"application\/ld+json\" class=\"yoast-schema-graph\">{\"@context\":\"https:\/\/schema.org\",\"@graph\":[{\"@type\":\"WebPage\",\"@id\":\"https:\/\/hotelcimscamprodon.com\/politica-de-privacidad\/\",\"url\":\"https:\/\/hotelcimscamprodon.com\/politica-de-privacidad\/\",\"name\":\"Pol\u00edtica de Privacidad - Hotel Cims Camprodon\",\"isPartOf\":{\"@id\":\"\/#website\"},\"primaryImageOfPage\":{\"@id\":\"https:\/\/hotelcimscamprodon.com\/politica-de-privacidad\/#primaryimage\"},\"image\":{\"@id\":\"https:\/\/hotelcimscamprodon.com\/politica-de-privacidad\/#primaryimage\"},\"thumbnailUrl\":\"https:\/\/hotelcimscamprodon.com\/wp-content\/uploads\/2022\/08\/cims-camprodon.jpg\",\"datePublished\":\"2022-06-26T17:09:51+00:00\",\"dateModified\":\"2026-02-16T12:38:28+00:00\",\"description\":\"Pol\u00edtica de Privacidad de Hotel Cims Camprodon: c\u00f3mo protegemos tus datos personales y garantizamos la seguridad en nuestro sitio web\",\"breadcrumb\":{\"@id\":\"https:\/\/hotelcimscamprodon.com\/politica-de-privacidad\/#breadcrumb\"},\"inLanguage\":\"ca\",\"potentialAction\":[{\"@type\":\"ReadAction\",\"target\":[\"https:\/\/hotelcimscamprodon.com\/politica-de-privacidad\/\"]}]},{\"@type\":\"ImageObject\",\"inLanguage\":\"ca\",\"@id\":\"https:\/\/hotelcimscamprodon.com\/politica-de-privacidad\/#primaryimage\",\"url\":\"https:\/\/hotelcimscamprodon.com\/wp-content\/uploads\/2022\/08\/cims-camprodon.jpg\",\"contentUrl\":\"https:\/\/hotelcimscamprodon.com\/wp-content\/uploads\/2022\/08\/cims-camprodon.jpg\"},{\"@type\":\"BreadcrumbList\",\"@id\":\"https:\/\/hotelcimscamprodon.com\/politica-de-privacidad\/#breadcrumb\",\"itemListElement\":[{\"@type\":\"ListItem\",\"position\":1,\"name\":\"Portada\",\"item\":\"https:\/\/hotelcimscamprodon.com\/\"},{\"@type\":\"ListItem\",\"position\":2,\"name\":\"Pol\u00edtica de Privacidad\"}]},{\"@type\":\"WebSite\",\"@id\":\"\/#website\",\"url\":\"\/\",\"name\":\"Hotel Cims Camprodon\",\"description\":\"El Hotel Cims Camprodon es un hotel B&amp;B en el centro de Camprodon confortable, familiar y econ\u00f3mico. Haz tu reserva en la web oficial.\",\"publisher\":{\"@id\":\"\/#organization\"},\"potentialAction\":[{\"@type\":\"SearchAction\",\"target\":{\"@type\":\"EntryPoint\",\"urlTemplate\":\"\/?s={search_term_string}\"},\"query-input\":{\"@type\":\"PropertyValueSpecification\",\"valueRequired\":true,\"valueName\":\"search_term_string\"}}],\"inLanguage\":\"ca\"},{\"@type\":\"Organization\",\"@id\":\"\/#organization\",\"name\":\"Hotel Cims Camprodon\",\"url\":\"\/\",\"logo\":{\"@type\":\"ImageObject\",\"inLanguage\":\"ca\",\"@id\":\"\/#\/schema\/logo\/image\/\",\"url\":\"https:\/\/hotelcimscamprodon.com\/wp-content\/uploads\/2022\/08\/logo-cims-camprodon.png\",\"contentUrl\":\"https:\/\/hotelcimscamprodon.com\/wp-content\/uploads\/2022\/08\/logo-cims-camprodon.png\",\"width\":848,\"height\":553,\"caption\":\"Hotel Cims Camprodon\"},\"image\":{\"@id\":\"\/#\/schema\/logo\/image\/\"},\"sameAs\":[\"https:\/\/www.facebook.com\/hotelcimscamprodon\",\"https:\/\/www.instagram.com\/hotelcimscamprodon\"]}]}<\/script>\n<!-- \/ Yoast SEO plugin. -->","yoast_head_json":{"title":"Pol\u00edtica de Privadesa - Hotel Cims Camprodon","description":"Pol\u00edtica de Privacidad de Hotel Cims Camprodon: c\u00f3mo protegemos tus datos personales y garantizamos la seguridad en nuestro sitio web","robots":{"index":"index","follow":"follow","max-snippet":"max-snippet:-1","max-image-preview":"max-image-preview:large","max-video-preview":"max-video-preview:-1"},"canonical":"https:\/\/hotelcimscamprodon.com\/ca\/politica-de-privacidad\/","og_locale":"ca_ES","og_type":"article","og_title":"Pol\u00edtica de Privacidad - Hotel Cims Camprodon","og_description":"Pol\u00edtica de Privacidad de Hotel Cims Camprodon: c\u00f3mo protegemos tus datos personales y garantizamos la seguridad en nuestro sitio web","og_url":"https:\/\/hotelcimscamprodon.com\/ca\/politica-de-privacidad\/","og_site_name":"Hotel Cims Camprodon","article_publisher":"https:\/\/www.facebook.com\/hotelcimscamprodon","article_modified_time":"2026-02-16T12:38:28+00:00","og_image":[{"width":1200,"height":797,"url":"https:\/\/hotelcimscamprodon.com\/wp-content\/uploads\/2022\/08\/cims-camprodon.jpg","type":"image\/jpeg"}],"twitter_card":"summary_large_image","twitter_misc":{"Temps estimat de lectura":"5 minuts"},"schema":{"@context":"https:\/\/schema.org","@graph":[{"@type":"WebPage","@id":"https:\/\/hotelcimscamprodon.com\/politica-de-privacidad\/","url":"https:\/\/hotelcimscamprodon.com\/politica-de-privacidad\/","name":"Pol\u00edtica de Privadesa - Hotel Cims Camprodon","isPartOf":{"@id":"\/#website"},"primaryImageOfPage":{"@id":"https:\/\/hotelcimscamprodon.com\/politica-de-privacidad\/#primaryimage"},"image":{"@id":"https:\/\/hotelcimscamprodon.com\/politica-de-privacidad\/#primaryimage"},"thumbnailUrl":"https:\/\/hotelcimscamprodon.com\/wp-content\/uploads\/2022\/08\/cims-camprodon.jpg","datePublished":"2022-06-26T17:09:51+00:00","dateModified":"2026-02-16T12:38:28+00:00","description":"Pol\u00edtica de Privacidad de Hotel Cims Camprodon: c\u00f3mo protegemos tus datos personales y garantizamos la seguridad en nuestro sitio web","breadcrumb":{"@id":"https:\/\/hotelcimscamprodon.com\/politica-de-privacidad\/#breadcrumb"},"inLanguage":"ca","potentialAction":[{"@type":"ReadAction","target":["https:\/\/hotelcimscamprodon.com\/politica-de-privacidad\/"]}]},{"@type":"ImageObject","inLanguage":"ca","@id":"https:\/\/hotelcimscamprodon.com\/politica-de-privacidad\/#primaryimage","url":"https:\/\/hotelcimscamprodon.com\/wp-content\/uploads\/2022\/08\/cims-camprodon.jpg","contentUrl":"https:\/\/hotelcimscamprodon.com\/wp-content\/uploads\/2022\/08\/cims-camprodon.jpg"},{"@type":"BreadcrumbList","@id":"https:\/\/hotelcimscamprodon.com\/politica-de-privacidad\/#breadcrumb","itemListElement":[{"@type":"ListItem","position":1,"name":"Portada","item":"https:\/\/hotelcimscamprodon.com\/"},{"@type":"ListItem","position":2,"name":"Pol\u00edtica de Privacidad"}]},{"@type":"WebSite","@id":"\/#website","url":"\/","name":"Hotel Cims Camprodon","description":"L&#039;Hotel Cims Camprodon \u00e9s un hotel B&amp;B al centre de Camprodon confortable, familiar i econ\u00f2mic. Fes la teva reserva a la web oficial.","publisher":{"@id":"\/#organization"},"potentialAction":[{"@type":"SearchAction","target":{"@type":"EntryPoint","urlTemplate":"\/?s={search_term_string}"},"query-input":{"@type":"PropertyValueSpecification","valueRequired":true,"valueName":"search_term_string"}}],"inLanguage":"ca"},{"@type":"Organization","@id":"\/#organization","name":"Hotel Cims Camprodon","url":"\/","logo":{"@type":"ImageObject","inLanguage":"ca","@id":"\/#\/schema\/logo\/image\/","url":"https:\/\/hotelcimscamprodon.com\/wp-content\/uploads\/2022\/08\/logo-cims-camprodon.png","contentUrl":"https:\/\/hotelcimscamprodon.com\/wp-content\/uploads\/2022\/08\/logo-cims-camprodon.png","width":848,"height":553,"caption":"Hotel Cims Camprodon"},"image":{"@id":"\/#\/schema\/logo\/image\/"},"sameAs":["https:\/\/www.facebook.com\/hotelcimscamprodon","https:\/\/www.instagram.com\/hotelcimscamprodon"]}]}},"_links":{"self":[{"href":"https:\/\/hotelcimscamprodon.com\/ca\/wp-json\/wp\/v2\/pages\/670","targetHints":{"allow":["GET"]}}],"collection":[{"href":"https:\/\/hotelcimscamprodon.com\/ca\/wp-json\/wp\/v2\/pages"}],"about":[{"href":"https:\/\/hotelcimscamprodon.com\/ca\/wp-json\/wp\/v2\/types\/page"}],"author":[{"embeddable":true,"href":"https:\/\/hotelcimscamprodon.com\/ca\/wp-json\/wp\/v2\/users\/2"}],"replies":[{"embeddable":true,"href":"https:\/\/hotelcimscamprodon.com\/ca\/wp-json\/wp\/v2\/comments?post=670"}],"version-history":[{"count":12,"href":"https:\/\/hotelcimscamprodon.com\/ca\/wp-json\/wp\/v2\/pages\/670\/revisions"}],"predecessor-version":[{"id":4008,"href":"https:\/\/hotelcimscamprodon.com\/ca\/wp-json\/wp\/v2\/pages\/670\/revisions\/4008"}],"wp:attachment":[{"href":"https:\/\/hotelcimscamprodon.com\/ca\/wp-json\/wp\/v2\/media?parent=670"}],"curies":[{"name":"wp","href":"https:\/\/api.w.org\/{rel}","templated":true}]}}