{"id":3678,"date":"2024-03-26T10:40:46","date_gmt":"2024-03-26T10:40:46","guid":{"rendered":"https:\/\/hotelcimscamprodon.com\/?page_id=3678"},"modified":"2026-02-16T12:29:42","modified_gmt":"2026-02-16T12:29:42","slug":"politica-de-cookies","status":"publish","type":"page","link":"https:\/\/hotelcimscamprodon.com\/ca\/politica-de-cookies\/","title":{"rendered":"La nostra Pol\u00edtica de Cookies"},"content":{"rendered":"<div data-elementor-type=\"wp-page\" data-elementor-id=\"3678\" class=\"elementor elementor-3678\" data-elementor-post-type=\"page\">\n\t\t\t\t\t\t<section class=\"elementor-section elementor-top-section elementor-element elementor-element-29b58ae1 elementor-section-boxed elementor-section-height-default elementor-section-height-default\" data-id=\"29b58ae1\" data-element_type=\"section\" data-e-type=\"section\">\n\t\t\t\t\t\t<div class=\"elementor-container elementor-column-gap-default\">\n\t\t\t\t\t<div class=\"elementor-column elementor-col-100 elementor-top-column elementor-element elementor-element-7edc20dc\" data-id=\"7edc20dc\" data-element_type=\"column\" data-e-type=\"column\">\n\t\t\t<div class=\"elementor-widget-wrap elementor-element-populated\">\n\t\t\t\t\t\t<div class=\"elementor-element elementor-element-52af4b36 elementor-widget elementor-widget-text-editor\" data-id=\"52af4b36\" data-element_type=\"widget\" data-e-type=\"widget\" data-widget_type=\"text-editor.default\">\n\t\t\t\t<div class=\"elementor-widget-container\">\n\t\t\t\t\t\t\t\t\t<h1 class=\"wp-block-heading\">La nostra Pol\u00edtica de Cookies<\/h1>\n<p><!-- \/wp:heading --><\/p>\n<p><!-- wp:paragraph --><\/p>\n<p>Data: 26 de mar\u00e7 de 2024<\/p>\n<p><!-- \/wp:paragraph --><\/p>\n<p><!-- wp:heading {\"level\":3} --><\/p>\n<h3 class=\"wp-block-heading\">Qu\u00e8 s\u00f3n les galetes?<\/h3>\n<p><!-- \/wp:heading --><\/p>\n<p><!-- wp:paragraph --><\/p>\n<p>Aquesta Pol\u00edtica de galetes explica qu\u00e8 s\u00f3n les galetes i com les fem servir, els tipus de galetes que utilitzem, \u00e9s a dir, la informaci\u00f3 que recopilem mitjan\u00e7ant galetes i com s&#039;usa aquesta informaci\u00f3, i com administrar la configuraci\u00f3 de les galetes.<br \/>Les galetes s\u00f3n petits fitxers de text que s&#039;utilitzen per emmagatzemar petits fragments d&#039;informaci\u00f3. S&#039;emmagatzemen al dispositiu quan el lloc web es carrega al navegador. Aquestes cookies ens ajuden a fer que el lloc web funcioni correctament, fer-lo m\u00e9s segur, brindar una millor experi\u00e8ncia d&#039;usuari i comprendre com funciona el lloc web i analitzar qu\u00e8 funciona i on necessita millorar.<\/p>\n<p><!-- \/wp:paragraph --><\/p>\n<p><!-- wp:heading {\"level\":3} --><\/p>\n<h3 class=\"wp-block-heading\">Com fem servir les galetes?<\/h3>\n<p><!-- \/wp:heading --><\/p>\n<p><!-- wp:paragraph --><\/p>\n<p>Com la majoria dels serveis en l\u00ednia, el nostre lloc web utilitza cookies pr\u00f2pies i de tercers per a diversos prop\u00f2sits. Les cookies d&#039;origen s\u00f3n majorit\u00e0riament necess\u00e0ries perqu\u00e8 el lloc web funcioni correctament i no recopilen cap de les vostres dades d&#039;identificaci\u00f3 personal.<br \/>Les cookies de tercers utilitzades al nostre lloc web s\u00f3n principalment per comprendre com funciona el lloc web, com interactua vost\u00e8 amb el nostre lloc web, mantenir els nostres serveis segurs, proporcionar anuncis que siguin rellevants per a vost\u00e8 i, en general, oferir-li un usuari millor i millorat . experi\u00e8ncia i ajudar a accelerar les seves futures interaccions amb el nostre lloc web.<\/p>\n<p><!-- \/wp:paragraph --><\/p>\n<p><!-- wp:heading {\"level\":3} --><\/p>\n<h3 class=\"wp-block-heading\">Tipus de cookies que utilitzem\u00a0\u00a0<\/h3>\n<p><!-- \/wp:group --><\/p>\t\t\t\t\t\t\t\t<\/div>\n\t\t\t\t<\/div>\n\t\t\t\t<div class=\"elementor-element elementor-element-71c7928 elementor-widget elementor-widget-text-editor\" data-id=\"71c7928\" data-element_type=\"widget\" data-e-type=\"widget\" data-widget_type=\"text-editor.default\">\n\t\t\t\t<div class=\"elementor-widget-container\">\n\t\t\t\t\t\t\t\t\t<h3>Necess\u00e0ria<\/h3>\n<div class=\"cky-audit-table-element\">\n<div class=\"cky-category-des\">\n<p>Les cookies necess\u00e0ries s\u00f3n crucials per a les funcions b\u00e0siques del lloc web i el lloc web no funcionar\u00e0 de la manera prevista sense. Aquestes galetes no emmagatzemen cap dada didentificaci\u00f3 personal.<\/p>\n<\/div>\n<div class=\"cky-table-wrapper\">\n<table class=\"cky-cookie-audit-table\">\n<thead>\n<tr>\n<th>Cookie<\/th>\n<th>Durada<\/th>\n<th>Descripci\u00f3<\/th>\n<\/tr>\n<\/thead>\n<tbody>\n<tr>\n<td>cookielawinfo-checkbox-necessary<\/td>\n<td>1 any<\/td>\n<td>Establida pel plugin GDPR Cookie Consent, aquesta galeta registra el consentiment de l&#039;usuari per a les galetes de la categoria \u201cNecessari\u201d.<\/td>\n<\/tr>\n<tr>\n<td>cookielawinfo-checkbox-functional<\/td>\n<td>1 any<\/td>\n<td>El plugin GDPR Cookie Consent estableix la galeta per registrar el consentiment de l&#039;usuari per a les galetes de la categoria \u201cFuncional\u201d.<\/td>\n<\/tr>\n<tr>\n<td>cookielawinfo-checkbox-performance<\/td>\n<td>1 any<\/td>\n<td>Establida pel plugin GDPR Cookie Consent, aquesta galeta emmagatzema el consentiment de l&#039;usuari per a les galetes de la categoria \u201cRendiment\u201d.<\/td>\n<\/tr>\n<tr>\n<td>cookielawinfo-checkbox-analytics<\/td>\n<td>1 any<\/td>\n<td>Establida pel plugin GDPR Cookie Consent, aquesta galeta registra el consentiment de l&#039;usuari per a les galetes de la categoria \u201cAnal\u00edtiques\u201d.<\/td>\n<\/tr>\n<tr>\n<td>cookielawinfo-checkbox-advertisement<\/td>\n<td>1 any<\/td>\n<td>Establida pel plugin GDPR Cookie Consent, aquesta galeta registra el consentiment de l&#039;usuari per a les galetes de la categoria \u201cPublicitat\u201d.<\/td>\n<\/tr>\n<tr>\n<td>cookielawinfo-checkbox-others<\/td>\n<td>1 any<\/td>\n<td>Establida pel plugin GDPR Cookie Consent, aquesta galeta emmagatzema el consentiment de l&#039;usuari per a les galetes de la categoria \u201cAltres\u201d.<\/td>\n<\/tr>\n<tr>\n<td>elementor<\/td>\n<td>Mai<\/td>\n<td>El tema de WordPress del lloc web estableix aquesta galeta. Permet al propietari del lloc web implementar o canviar el contingut del lloc web a temps real.<\/td>\n<\/tr>\n<\/tbody>\n<\/table>\n<\/div>\n<h3>Funcional<\/h3>\n<div class=\"cky-category-des\">\n<p>Les cookies funcionals ajuden a realitzar certes funcionalitats, com ara compartir el contingut del lloc web en plataformes de xarxes socials, recopilar comentaris i altres caracter\u00edstiques de tercers.<\/p>\n<\/div>\n<div class=\"cky-table-wrapper\">\n<table class=\"cky-cookie-audit-table\">\n<thead>\n<tr>\n<th>Cookie<\/th>\n<th>Durada<\/th>\n<th>Descripci\u00f3<\/th>\n<\/tr>\n<\/thead>\n<tbody>\n<tr>\n<td>_lscache_vary<\/td>\n<td>2 dies<\/td>\n<td>Litespeed sets this cookie to provide the prevention of cached pages.<\/td>\n<\/tr>\n<\/tbody>\n<\/table>\n<\/div>\n<h3>Anal\u00edtica<\/h3>\n<div class=\"cky-category-des\">\n<p>Les galetes anal\u00edtiques s&#039;utilitzen per comprendre com interactuen els visitants amb el lloc web. Aquestes galetes ajuden a proporcionar informaci\u00f3 sobre m\u00e8triques el nombre de visitants, el percentatge de rebot, la font de tr\u00e0nsit, etc.<\/p>\n<\/div>\n<div class=\"cky-table-wrapper\">\n<table class=\"cky-cookie-audit-table\">\n<thead>\n<tr>\n<th>Cookie<\/th>\n<th>Durada<\/th>\n<th>Descripci\u00f3<\/th>\n<\/tr>\n<\/thead>\n<tbody>\n<tr>\n<td>_gcl_au<\/td>\n<td>3 mesos<\/td>\n<td>Google Tag Manager estableix la galeta per experimentar l&#039;efic\u00e0cia publicit\u00e0ria dels llocs web que utilitzen els vostres serveis.<\/td>\n<\/tr>\n<tr>\n<td>_ga_*<\/td>\n<td>1 any 1 mes 4 dies<\/td>\n<td>Google Analytics sets aquesta galeta per a store and count page views.<\/td>\n<\/tr>\n<tr>\n<td>_ga<\/td>\n<td>1 any 1 mes 4 dies<\/td>\n<td>Google Analytics estableix aquesta galeta per calcular les dades dels visitants, de les sessions i de les campanyes i per fer un seguiment de l&#039;\u00fas del lloc per a l&#039;informe d&#039;an\u00e0lisi del lloc. La galeta emmagatzema la informaci\u00f3 de forma an\u00f2nima i assigna un n\u00famero generat aleat\u00f2riament per recon\u00e8ixer els visitants \u00fanics.<\/td>\n<\/tr>\n<tr>\n<td>_fbp<\/td>\n<td>3 mesos<\/td>\n<td>Facebook estableix aquesta galeta per mostrar anuncis a Facebook o en una plataforma digital amb publicitat de Facebook despr\u00e9s de visitar el lloc web.<\/td>\n<\/tr>\n<tr>\n<td>_gid<\/td>\n<td>1 dia<\/td>\n<td>Google Analytics estableix aquesta galeta per emmagatzemar informaci\u00f3 sobre l&#039;\u00fas que fan els visitants d&#039;un lloc web, alhora que crea un informe anal\u00edtic sobre el rendiment del lloc. Algunes de les dades recollides inclouen el nombre de visitants, el seu origen i les p\u00e0gines que visiten de manera an\u00f2nima.<\/td>\n<\/tr>\n<tr>\n<td>_gat_gtag_UA_*<\/td>\n<td>1 minut<\/td>\n<td>Google Analytics sets this cookie to store a unique user ID.<\/td>\n<\/tr>\n<\/tbody>\n<\/table>\n<\/div>\n<\/div>\t\t\t\t\t\t\t\t<\/div>\n\t\t\t\t<\/div>\n\t\t\t\t<div class=\"elementor-element elementor-element-88b6c52 elementor-widget__width-initial elementor-widget elementor-widget-text-editor\" data-id=\"88b6c52\" data-element_type=\"widget\" data-e-type=\"widget\" data-widget_type=\"text-editor.default\">\n\t\t\t\t<div class=\"elementor-widget-container\">\n\t\t\t\t\t\t\t\t\t<h2 class=\"wp-block-heading\"><span style=\"color: var(--ast-global-color-2); font-size: 1.75rem; font-style: inherit; background-color: var(--ast-global-color-5);\">Administrar prefer\u00e8ncies de cookies<\/span><\/h2>\n<p><!-- \/wp:heading --><\/p>\n<p><!-- wp:paragraph --><\/p>\n<p><strong>Configuraci\u00f3 de cookies\u00a0<\/strong><a class=\"cky-banner-element\" style=\"font-size: 1rem;\">Cookie Settings<\/a><\/p>\n<p><span style=\"font-style: inherit; font-weight: inherit; background-color: var(--ast-global-color-5); color: var(--ast-global-color-3);\">Podeu canviar les vostres prefer\u00e8ncies de cookies en qualsevol moment fent clic al bot\u00f3 de dalt.<\/span><\/p>\n<p><span style=\"background-color: var(--ast-global-color-5); color: var(--ast-global-color-3); font-style: inherit; font-weight: inherit; font-size: 1rem;\">Aix\u00f2 us permetr\u00e0 tornar a visitar el banner de consentiment de cookies i canviar les vostres prefer\u00e8ncies o retirar el vostre consentiment immediatament.<\/span><\/p>\n<p><!-- \/wp:group --><\/p>\t\t\t\t\t\t\t\t<\/div>\n\t\t\t\t<\/div>\n\t\t\t\t<div class=\"elementor-element elementor-element-2e5932c elementor-widget elementor-widget-text-editor\" data-id=\"2e5932c\" data-element_type=\"widget\" data-e-type=\"widget\" data-widget_type=\"text-editor.default\">\n\t\t\t\t<div class=\"elementor-widget-container\">\n\t\t\t\t\t\t\t\t\t<p><!-- wp:heading {\"level\":1} --><\/p>\n<p class=\"wp-block-heading\"><span style=\"background-color: var(--ast-global-color-5); color: var(--ast-global-color-3); font-style: inherit; font-weight: inherit; font-size: 16px; font-family: 'Open Sans', sans-serif;\">\u00a0<\/span><\/p>\n<p class=\"wp-block-heading\"><span style=\"background-color: var(--ast-global-color-5); color: var(--ast-global-color-3); font-style: inherit; font-weight: inherit; font-size: 16px; font-family: 'Open Sans', sans-serif;\">A m\u00e9s d&#039;aix\u00f2, diferents navegadors ofereixen diferents m\u00e8todes per bloquejar i eliminar les galetes utilitzades pels llocs web<\/span><\/p>\n<p class=\"wp-block-heading\">Podeu canviar la configuraci\u00f3 del vostre navegador per bloquejar\/eliminar les cookies.<\/p>\n<p><span style=\"background-color: var(--ast-global-color-5); color: var(--ast-global-color-3); font-style: inherit; font-size: 1rem;\"><b>A continuaci\u00f3 s&#039;enumeren els enlla\u00e7os als documents de suport sobre com administrar i eliminar galetes dels principals navegadors web:<\/b><\/span><\/p>\n<p><!-- \/wp:paragraph --><\/p>\n<p><!-- wp:paragraph --><\/p>\n<p><strong>Chrome<\/strong>: <a href=\"https:\/\/support.google.com\/accounts\/answer\/32050\" target=\"_blank\" rel=\"noreferrer noopener\">https:\/\/support.google.com\/accounts\/answer\/32050<\/a><br \/><strong>Safari<\/strong>: <a href=\"https:\/\/support.apple.com\/en-in\/guide\/safari\/sfri11471\/mac\" target=\"_blank\" rel=\"noreferrer noopener\">https:\/\/support.apple.com\/en-in\/guide\/safari\/sfri11471\/mac<\/a><br \/><strong>Firefox<\/strong>: <a href=\"https:\/\/support.mozilla.org\/en-US\/kb\/clear-cookies-and-site-data-firefox?redirectslug=delete-cookies-remove-info-websites-stored&amp;redirectlocale=en-US\" target=\"_blank\" rel=\"noreferrer noopener\">https:\/\/support.mozilla.org\/en-US\/kb\/clear-cookies-and-site-data-firefox?redirectslug=delete-cookies-remove-info-websites-stored&amp;redirectlocale=en-US<\/a><br \/><strong>Internet Explorer<\/strong>: <a href=\"https:\/\/support.microsoft.com\/en-us\/topic\/how-to-delete-cookie-files-in-internet-explorer-bca9446f-d873-78de-77ba-d42645fa52fc\" target=\"_blank\" rel=\"noreferrer noopener\">https:\/\/support.microsoft.com\/en-us\/topic\/how-to-delete-cookie-files-in-internet-explorer-bca9446f-d873-78de-77ba-d42645fa52fc<\/a><\/p>\n<p><span style=\"font-style: inherit; font-weight: inherit; background-color: var(--ast-global-color-5); color: var(--ast-global-color-3);\">\u00a0<\/span><\/p>\n<p><span style=\"font-style: inherit; font-weight: inherit; background-color: var(--ast-global-color-5); color: var(--ast-global-color-3);\">Si utilitzeu qualsevol altre navegador web, visiteu els documents de suport oficials del vostre navegador.<\/span><\/p>\n<p><!-- \/wp:group --><\/p>\t\t\t\t\t\t\t\t<\/div>\n\t\t\t\t<\/div>\n\t\t\t\t\t<\/div>\n\t\t<\/div>\n\t\t\t\t\t<\/div>\n\t\t<\/section>\n\t\t\t\t<\/div>","protected":false},"excerpt":{"rendered":"<p>Pol\u00edtica de Cookies Fecha: 26 de marzo de 2024 \u00bfQu\u00e9 son las cookies? Esta Pol\u00edtica de cookies explica qu\u00e9 son las cookies y c\u00f3mo las usamos, los tipos de cookies que utilizamos, es decir, la informaci\u00f3n que recopilamos mediante cookies y c\u00f3mo se usa esa informaci\u00f3n, y c\u00f3mo administrar la configuraci\u00f3n de las cookies.Las cookies [&hellip;]<\/p>\n","protected":false},"author":2,"featured_media":0,"parent":0,"menu_order":0,"comment_status":"closed","ping_status":"closed","template":"","meta":{"site-sidebar-layout":"default","site-content-layout":"","ast-site-content-layout":"default","site-content-style":"default","site-sidebar-style":"default","ast-global-header-display":"","ast-banner-title-visibility":"","ast-main-header-display":"","ast-hfb-above-header-display":"","ast-hfb-below-header-display":"","ast-hfb-mobile-header-display":"","site-post-title":"disabled","ast-breadcrumbs-content":"","ast-featured-img":"","footer-sml-layout":"","theme-transparent-header-meta":"","adv-header-id-meta":"","stick-header-meta":"","header-above-stick-meta":"","header-main-stick-meta":"","header-below-stick-meta":"","astra-migrate-meta-layouts":"set","ast-page-background-enabled":"default","ast-page-background-meta":{"desktop":{"background-color":"","background-image":"","background-repeat":"repeat","background-position":"center center","background-size":"auto","background-attachment":"scroll","background-type":"","background-media":"","overlay-type":"","overlay-color":"","overlay-opacity":"","overlay-gradient":""},"tablet":{"background-color":"","background-image":"","background-repeat":"repeat","background-position":"center center","background-size":"auto","background-attachment":"scroll","background-type":"","background-media":"","overlay-type":"","overlay-color":"","overlay-opacity":"","overlay-gradient":""},"mobile":{"background-color":"","background-image":"","background-repeat":"repeat","background-position":"center center","background-size":"auto","background-attachment":"scroll","background-type":"","background-media":"","overlay-type":"","overlay-color":"","overlay-opacity":"","overlay-gradient":""}},"ast-content-background-meta":{"desktop":{"background-color":"var(--ast-global-color-5)","background-image":"","background-repeat":"repeat","background-position":"center center","background-size":"auto","background-attachment":"scroll","background-type":"","background-media":"","overlay-type":"","overlay-color":"","overlay-opacity":"","overlay-gradient":""},"tablet":{"background-color":"var(--ast-global-color-5)","background-image":"","background-repeat":"repeat","background-position":"center center","background-size":"auto","background-attachment":"scroll","background-type":"","background-media":"","overlay-type":"","overlay-color":"","overlay-opacity":"","overlay-gradient":""},"mobile":{"background-color":"var(--ast-global-color-5)","background-image":"","background-repeat":"repeat","background-position":"center center","background-size":"auto","background-attachment":"scroll","background-type":"","background-media":"","overlay-type":"","overlay-color":"","overlay-opacity":"","overlay-gradient":""}},"footnotes":""},"class_list":["post-3678","page","type-page","status-publish","hentry"],"yoast_head":"<!-- This site is optimized with the Yoast SEO plugin v27.1.1 - https:\/\/yoast.com\/product\/yoast-seo-wordpress\/ -->\n<title>Pol\u00edtica de Cookies - Hotel Cims Camprodon<\/title>\n<meta name=\"description\" content=\"Pol\u00edtica de Cookies de Hotel Cims Camprodon: informaci\u00f3n sobre el uso de cookies en nuestro sitio web y c\u00f3mo gestionarlas\" \/>\n<meta name=\"robots\" content=\"index, follow, max-snippet:-1, max-image-preview:large, max-video-preview:-1\" \/>\n<link rel=\"canonical\" href=\"https:\/\/hotelcimscamprodon.com\/ca\/politica-de-cookies\/\" \/>\n<meta property=\"og:locale\" content=\"ca_ES\" \/>\n<meta property=\"og:type\" content=\"article\" \/>\n<meta property=\"og:title\" content=\"Pol\u00edtica de Cookies - Hotel Cims Camprodon\" \/>\n<meta property=\"og:description\" content=\"Pol\u00edtica de Cookies de Hotel Cims Camprodon: informaci\u00f3n sobre el uso de cookies en nuestro sitio web y c\u00f3mo gestionarlas\" \/>\n<meta property=\"og:url\" content=\"https:\/\/hotelcimscamprodon.com\/ca\/politica-de-cookies\/\" \/>\n<meta property=\"og:site_name\" content=\"Hotel Cims Camprodon\" \/>\n<meta property=\"article:publisher\" content=\"https:\/\/www.facebook.com\/hotelcimscamprodon\" \/>\n<meta property=\"article:modified_time\" content=\"2026-02-16T12:29:42+00:00\" \/>\n<meta property=\"og:image\" content=\"https:\/\/hotelcimscamprodon.com\/wp-content\/uploads\/2022\/08\/2-scaled.jpg\" \/>\n\t<meta property=\"og:image:width\" content=\"2560\" \/>\n\t<meta property=\"og:image:height\" content=\"1940\" \/>\n\t<meta property=\"og:image:type\" content=\"image\/jpeg\" \/>\n<meta name=\"twitter:card\" content=\"summary_large_image\" \/>\n<meta name=\"twitter:label1\" content=\"Temps estimat de lectura\" \/>\n\t<meta name=\"twitter:data1\" content=\"4 minuts\" \/>\n<script type=\"application\/ld+json\" class=\"yoast-schema-graph\">{\"@context\":\"https:\/\/schema.org\",\"@graph\":[{\"@type\":\"WebPage\",\"@id\":\"https:\/\/hotelcimscamprodon.com\/politica-de-cookies\/\",\"url\":\"https:\/\/hotelcimscamprodon.com\/politica-de-cookies\/\",\"name\":\"Pol\u00edtica de Cookies - Hotel Cims Camprodon\",\"isPartOf\":{\"@id\":\"\/#website\"},\"datePublished\":\"2024-03-26T10:40:46+00:00\",\"dateModified\":\"2026-02-16T12:29:42+00:00\",\"description\":\"Pol\u00edtica de Cookies de Hotel Cims Camprodon: informaci\u00f3n sobre el uso de cookies en nuestro sitio web y c\u00f3mo gestionarlas\",\"breadcrumb\":{\"@id\":\"https:\/\/hotelcimscamprodon.com\/politica-de-cookies\/#breadcrumb\"},\"inLanguage\":\"ca\",\"potentialAction\":[{\"@type\":\"ReadAction\",\"target\":[\"https:\/\/hotelcimscamprodon.com\/politica-de-cookies\/\"]}]},{\"@type\":\"BreadcrumbList\",\"@id\":\"https:\/\/hotelcimscamprodon.com\/politica-de-cookies\/#breadcrumb\",\"itemListElement\":[{\"@type\":\"ListItem\",\"position\":1,\"name\":\"Portada\",\"item\":\"https:\/\/hotelcimscamprodon.com\/\"},{\"@type\":\"ListItem\",\"position\":2,\"name\":\"Pol\u00edtica de Cookies\"}]},{\"@type\":\"WebSite\",\"@id\":\"\/#website\",\"url\":\"\/\",\"name\":\"Hotel Cims Camprodon\",\"description\":\"El Hotel Cims Camprodon es un hotel B&amp;B en el centro de Camprodon confortable, familiar y econ\u00f3mico. Haz tu reserva en la web oficial.\",\"publisher\":{\"@id\":\"\/#organization\"},\"potentialAction\":[{\"@type\":\"SearchAction\",\"target\":{\"@type\":\"EntryPoint\",\"urlTemplate\":\"\/?s={search_term_string}\"},\"query-input\":{\"@type\":\"PropertyValueSpecification\",\"valueRequired\":true,\"valueName\":\"search_term_string\"}}],\"inLanguage\":\"ca\"},{\"@type\":\"Organization\",\"@id\":\"\/#organization\",\"name\":\"Hotel Cims Camprodon\",\"url\":\"\/\",\"logo\":{\"@type\":\"ImageObject\",\"inLanguage\":\"ca\",\"@id\":\"\/#\/schema\/logo\/image\/\",\"url\":\"https:\/\/hotelcimscamprodon.com\/wp-content\/uploads\/2022\/08\/logo-cims-camprodon.png\",\"contentUrl\":\"https:\/\/hotelcimscamprodon.com\/wp-content\/uploads\/2022\/08\/logo-cims-camprodon.png\",\"width\":848,\"height\":553,\"caption\":\"Hotel Cims Camprodon\"},\"image\":{\"@id\":\"\/#\/schema\/logo\/image\/\"},\"sameAs\":[\"https:\/\/www.facebook.com\/hotelcimscamprodon\",\"https:\/\/www.instagram.com\/hotelcimscamprodon\"]}]}<\/script>\n<!-- \/ Yoast SEO plugin. -->","yoast_head_json":{"title":"La nostra Pol\u00edtica de Cookies - Hotel Cims Camprodon","description":"Pol\u00edtica de Cookies de Hotel Cims Camprodon: informaci\u00f3n sobre el uso de cookies en nuestro sitio web y c\u00f3mo gestionarlas","robots":{"index":"index","follow":"follow","max-snippet":"max-snippet:-1","max-image-preview":"max-image-preview:large","max-video-preview":"max-video-preview:-1"},"canonical":"https:\/\/hotelcimscamprodon.com\/ca\/politica-de-cookies\/","og_locale":"ca_ES","og_type":"article","og_title":"Pol\u00edtica de Cookies - Hotel Cims Camprodon","og_description":"Pol\u00edtica de Cookies de Hotel Cims Camprodon: informaci\u00f3n sobre el uso de cookies en nuestro sitio web y c\u00f3mo gestionarlas","og_url":"https:\/\/hotelcimscamprodon.com\/ca\/politica-de-cookies\/","og_site_name":"Hotel Cims Camprodon","article_publisher":"https:\/\/www.facebook.com\/hotelcimscamprodon","article_modified_time":"2026-02-16T12:29:42+00:00","og_image":[{"width":2560,"height":1940,"url":"https:\/\/hotelcimscamprodon.com\/wp-content\/uploads\/2022\/08\/2-scaled.jpg","type":"image\/jpeg"}],"twitter_card":"summary_large_image","twitter_misc":{"Temps estimat de lectura":"4 minuts"},"schema":{"@context":"https:\/\/schema.org","@graph":[{"@type":"WebPage","@id":"https:\/\/hotelcimscamprodon.com\/politica-de-cookies\/","url":"https:\/\/hotelcimscamprodon.com\/politica-de-cookies\/","name":"La nostra Pol\u00edtica de Cookies - Hotel Cims Camprodon","isPartOf":{"@id":"\/#website"},"datePublished":"2024-03-26T10:40:46+00:00","dateModified":"2026-02-16T12:29:42+00:00","description":"Pol\u00edtica de Cookies de Hotel Cims Camprodon: informaci\u00f3n sobre el uso de cookies en nuestro sitio web y c\u00f3mo gestionarlas","breadcrumb":{"@id":"https:\/\/hotelcimscamprodon.com\/politica-de-cookies\/#breadcrumb"},"inLanguage":"ca","potentialAction":[{"@type":"ReadAction","target":["https:\/\/hotelcimscamprodon.com\/politica-de-cookies\/"]}]},{"@type":"BreadcrumbList","@id":"https:\/\/hotelcimscamprodon.com\/politica-de-cookies\/#breadcrumb","itemListElement":[{"@type":"ListItem","position":1,"name":"Portada","item":"https:\/\/hotelcimscamprodon.com\/"},{"@type":"ListItem","position":2,"name":"Pol\u00edtica de Cookies"}]},{"@type":"WebSite","@id":"\/#website","url":"\/","name":"Hotel Cims Camprodon","description":"L&#039;Hotel Cims Camprodon \u00e9s un hotel B&amp;B al centre de Camprodon confortable, familiar i econ\u00f2mic. Fes la teva reserva a la web oficial.","publisher":{"@id":"\/#organization"},"potentialAction":[{"@type":"SearchAction","target":{"@type":"EntryPoint","urlTemplate":"\/?s={search_term_string}"},"query-input":{"@type":"PropertyValueSpecification","valueRequired":true,"valueName":"search_term_string"}}],"inLanguage":"ca"},{"@type":"Organization","@id":"\/#organization","name":"Hotel Cims Camprodon","url":"\/","logo":{"@type":"ImageObject","inLanguage":"ca","@id":"\/#\/schema\/logo\/image\/","url":"https:\/\/hotelcimscamprodon.com\/wp-content\/uploads\/2022\/08\/logo-cims-camprodon.png","contentUrl":"https:\/\/hotelcimscamprodon.com\/wp-content\/uploads\/2022\/08\/logo-cims-camprodon.png","width":848,"height":553,"caption":"Hotel Cims Camprodon"},"image":{"@id":"\/#\/schema\/logo\/image\/"},"sameAs":["https:\/\/www.facebook.com\/hotelcimscamprodon","https:\/\/www.instagram.com\/hotelcimscamprodon"]}]}},"_links":{"self":[{"href":"https:\/\/hotelcimscamprodon.com\/ca\/wp-json\/wp\/v2\/pages\/3678","targetHints":{"allow":["GET"]}}],"collection":[{"href":"https:\/\/hotelcimscamprodon.com\/ca\/wp-json\/wp\/v2\/pages"}],"about":[{"href":"https:\/\/hotelcimscamprodon.com\/ca\/wp-json\/wp\/v2\/types\/page"}],"author":[{"embeddable":true,"href":"https:\/\/hotelcimscamprodon.com\/ca\/wp-json\/wp\/v2\/users\/2"}],"replies":[{"embeddable":true,"href":"https:\/\/hotelcimscamprodon.com\/ca\/wp-json\/wp\/v2\/comments?post=3678"}],"version-history":[{"count":32,"href":"https:\/\/hotelcimscamprodon.com\/ca\/wp-json\/wp\/v2\/pages\/3678\/revisions"}],"predecessor-version":[{"id":4062,"href":"https:\/\/hotelcimscamprodon.com\/ca\/wp-json\/wp\/v2\/pages\/3678\/revisions\/4062"}],"wp:attachment":[{"href":"https:\/\/hotelcimscamprodon.com\/ca\/wp-json\/wp\/v2\/media?parent=3678"}],"curies":[{"name":"wp","href":"https:\/\/api.w.org\/{rel}","templated":true}]}}